{"id":18,"date":"2024-07-15T11:41:31","date_gmt":"2024-07-15T09:41:31","guid":{"rendered":"https:\/\/platipus.msh-alpes.fr\/?page_id=18"},"modified":"2025-12-08T17:11:00","modified_gmt":"2025-12-08T16:11:00","slug":"salles","status":"publish","type":"page","link":"https:\/\/platipus.univ-grenoble-alpes.fr\/?page_id=18","title":{"rendered":"Salles r\u00e9servables"},"content":{"rendered":"\n<table class=\"platipus\">\n\t<tr class=\"ligneintro\"><td><\/td><td><\/td><\/tr>\n\t<tr>\n\t\t<td class=\"iconeintro\">\n\t\t\t<img decoding=\"async\" class=\"icones\" src=\"https:\/\/platipus.univ-grenoble-alpes.fr\/wp-content\/uploads\/2021\/12\/icone-Espace.png\" alt=\"\" class=\"wp-image-1518\" width=\"100px\" alt=\"icone salles reservables\">\n\t\t<\/td>\n\t\t<td class=\"textintro\">\n\t\t\t<p class=\"intro\">Vous pouvez r\u00e9server des salles pour votre \u00e9tude en contactant <a href=\"mailto:platipus@univ-grenoble-alpes.fr\">platipus@univ-grenoble-alpes.fr<\/a>.<br><br>Si votre \u00e9tude n&rsquo;est pas encore connue de PLATIPUS, merci de prendre connaissance de la <a href=\"https:\/\/platipus.univ-grenoble-alpes.fr\/?page_id=33\">proc\u00e9dure d&rsquo;inscription<\/a>.<\/p>\n\t\t<\/td>\n\t<\/tr>\n\t<tr class=\"ligneintro\"><td><\/td><td><\/td><\/tr>\n<\/table>\n\n<p class=\"maj\">Mis \u00e0 jour le 19\/05\/2025<\/p>\n\n<details>\n<summary>Notre offre de salles et de boxes<\/summary>\n<div>\n\t<table class=\"platipus\">\n\t\t<tr>\n\t\t\t<td class=\"platipus\">\n\t\t\t\t<p>Nous nous ajustons \u00e0 vos besoins avec des salles d\u2019exp\u00e9rimentation modulables sur nos deux sites de la MSH-Alpes et de la MaCI.<\/p> \n\t\t\t\t<p>En fonction des salles, vous pouvez : \n\t\t\t\t<ul>\n\t\t\t\t\t<li>investir une salle \u00ab\u00a0en r\u00e9sidence\u00a0\u00bb pour toute la dur\u00e9e de votre \u00e9tude,<\/li>\n\t\t\t\t\t<li>r\u00e9aliser des exp\u00e9rimentations avec l\u2019exp\u00e9rimentateur dans une salle diff\u00e9rente du\/des participants. Un syst\u00e8me de t\u00e9l\u00e9surveillance permet alors \u00e0 l\u2019exp\u00e9rimentateur de surveiller et interagir avec le participant,<\/li>\n\t\t\t\t\t<li>enregistrer les s\u00e9ances avec vos participants,<\/li>\n\t\t\t\t\t<li>agencer le mobilier (tables, chaises, ordinateurs) \u00e0 votre guise,<\/li>\n\t\t\t\t\t<li>disposer de salles avec fen\u00eatres ou au contraire aveugles,<\/li>\n\t\t\t\t\t<li>acc\u00e9der \u00e0 des salles peintes en noires.<\/li>\n\t\t\t\t<\/ul>\n\n\t\t\t\t<p>D\u00e9crivez-nous aussi pr\u00e9cis\u00e9ment que possible vos besoins pour que nous vous proposions la salle qui vous conviendra le mieux.<\/p>\n\t\t\t<\/td>\n\t\t<\/tr>\n\t<\/table>\n<\/div>\n<\/details>\n\n<details>\n<summary>Liste et photos des espaces sur le site PLATIPUS de la MSH-Alpes<\/summary>\n<div>\n\t<p>Les salles de la MSH-Alpes sont toutes \u00e9quip\u00e9es d&rsquo;une <strong class=\"platipus\">cam\u00e9ra<\/strong> et d&rsquo;une <strong class=\"platipus\">barre de son<\/strong> pour l&rsquo;<strong>enregistrement des s\u00e9ances et\/ou l&rsquo;observation des participants d&rsquo;une salle voisine<\/strong>. L&rsquo;utilisation de ce mat\u00e9riel n\u00e9cessite d&rsquo;en demander sp\u00e9cifiqueement l&rsquo;acc\u00e8s \u00e0 PLATIPUS. Toutes les personnes conduites \u00e0 \u00eatre film\u00e9es doivent \u00e9galement donner leur consentement dans le cadre de l&rsquo;exp\u00e9rimentation conduite.  <\/p>\n\t\n\t<p><strong>Le mobilier des salles est modulable<\/strong> en fonction des besoins. Les tables sont \u00e9quip\u00e9es de <strong class=\"platipus\">roulettes et d&rsquo;un plateau rabattable<\/strong> pour en faciliter leur d\u00e9placement. <\/P>\n\t<table class=\"platipus\">\n\t\t<tr>\n\t\t\t<td  class=\"platipus\" width=\"50%\">\n\t\t\t\t<p><figure><img decoding=\"async\" class=\"salles\" src=\"https:\/\/platipus.univ-grenoble-alpes.fr\/wp-content\/uploads\/2024\/09\/Boxes-A.jpg\" alt=\"Photo Salle A MSH-Alpes\"><figcaption>Salle A de 9,47 m\u00b2 <br><\/figcaption><\/figure><\/p>\n\t\t\t<\/td>\n\t\t\t<td  class=\"platipus\" width=\"50%\">\n\t\t\t\t<p><figure><img decoding=\"async\" class=\"salles\" src=\"https:\/\/platipus.univ-grenoble-alpes.fr\/wp-content\/uploads\/2024\/09\/Boxes-B.jpg\" alt=\"Photo Salle B MSH-Alpes\"><figcaption>Salle B de 13,67m\u00b2<br>Equip\u00e9e d&rsquo;une t\u00e9l\u00e9vision<\/figcaption><\/figure><\/p>\n\t\t\t<\/td>\t\t\n\t\t<\/tr>\n\n\t\t<tr>\n\t\t\t<td  class=\"platipus\" width=\"50%\">\n\t\t\t\t<p><figure><img decoding=\"async\" class=\"salles\" src=\"https:\/\/platipus.univ-grenoble-alpes.fr\/wp-content\/uploads\/2024\/09\/Boxes-C.jpg\" alt=\"Photo Salle C MSH-Alpes\"><figcaption>Salle 3C de 16,89 m\u00b2<br>Id\u00e9ale pour cloisement d&rsquo;espaces<\/figcaption><\/figure><\/p>\n\t\t\t<\/td>\n\t\t\t<td  class=\"platipus\" width=\"50%\">\n\t\t\t\t<p><figure><img decoding=\"async\" class=\"salles\" src=\"https:\/\/platipus.univ-grenoble-alpes.fr\/wp-content\/uploads\/2024\/09\/Boxes-D.jpg\" alt=\"Photo Salle D MSH-Alpes\"><figcaption>Salle 3D de 10,33 m\u00b2<br>Peinte en noir mat<\/figcaption><\/figure><\/p>\n\t\t\t<\/td>\t\t\n\t\t<\/tr>\n\t\t\n\t\t<tr>\n\t\t\t<td  class=\"platipus\" width=\"50%\">\n\t\t\t\t<p><figure><img decoding=\"async\" class=\"salles\" src=\"https:\/\/platipus.univ-grenoble-alpes.fr\/wp-content\/uploads\/2024\/09\/espace-ouvert.jpg\" alt=\"Photo Espace ouvert MSH-Alpes\"><figcaption>Espace ouvert de 35 m\u00b2<br>\n\t\t\t\tEn libre acc\u00e8s<\/figcaption><\/figure><\/p>\n\t\t\t<\/td>\n\t\t\t<td  class=\"platipus\" width=\"50%\">\n\t\t\t\t<p><figure><a href=\"sources\/Visite de PLATIPUS-MSH_export\/index.html\" target=\"_blank\"><img decoding=\"async\" class=\"salles\" src=\"https:\/\/platipus.univ-grenoble-alpes.fr\/wp-content\/uploads\/2024\/12\/VisiteVirtuelleMSH.jpg\" alt=\"Visite virtuelle de PLATIPUS sur le site MSH-ALpes\"><\/a><figcaption>Visite virtuelle des salles<\/figcaption><\/figure><\/p>\n\t\t\t<\/td>\n\t\t<\/tr>\n\t\t\n\t\t<tr>\n\t\t\t<td  class=\"platipus\" colspan=\"2\">\n\t\t\t\t<center><p><figure><img decoding=\"async\" class=\"salles\" src=\"https:\/\/platipus.univ-grenoble-alpes.fr\/wp-content\/uploads\/2021\/10\/Plan-Salles.jpg\" alt=\"Plan des salles \u00e0 la MSH-Alpes\"><figcaption>Plan des salles \u00e0 la MSH-Alpes<\/figcaption><\/figure><\/p><\/center>\n\t\t\t<\/td>\n\t\t<\/tr>\n\t<\/table>\n<\/div>\n<\/details>\n\n<details>\n<summary>Liste et photos des espaces sur le site PLATIPUS de la MaCI<\/summary>\n<div>\n\t<table>\n\t\t<tr>\n\t\t\t<td class=\"platipus\" width=\"50%\">\n\t\t\t\t<p><figure><img decoding=\"async\" class=\"salles\" src=\"https:\/\/platipus.univ-grenoble-alpes.fr\/wp-content\/uploads\/2024\/09\/Boxes-329-335.jpg\" alt=\"Photo Boxes MaCI\"><figcaption>Boxes 329 \u00e0 335<br><br>(ordinateur, micro-casque)<\/figcaption><\/figure><\/p>\n\t\t\t<\/td>\n\t\t\t<td class=\"platipus\" width=\"50%\">\n\t\t\t\t<p><figure><img decoding=\"async\" class=\"salles\" src=\"https:\/\/platipus.univ-grenoble-alpes.fr\/wp-content\/uploads\/2024\/09\/Salle-303.jpg\" alt=\"Photo Salle 303 MaCI\"><figcaption>Salle 303 connect\u00e9e<br><br>(6 tables, 22 chaises, \u00e9cran de projection, 1 cam\u00e9ra murale et 2 enceintes, \u00e9cran TV, projecteur)<\/figcaption><\/figure><\/p>\n\t\t\t<\/td>\t\n\t\t<\/tr>\n\n\t\t<tr>\n\t\t\t<td class=\"platipus\" width=\"50%\">\n\t\t\t\t<p><figure><img decoding=\"async\" class=\"salles\" src=\"https:\/\/platipus.univ-grenoble-alpes.fr\/wp-content\/uploads\/2024\/09\/Salle-304.jpg\" alt=\"Photo Salle 304 MaCI\"><figcaption>Salle 304 connect\u00e9e<br><br>(1 table, 3 tables hautes, 12 chaises hautes, tableau blanc, \u00e9cran de projection, 1 cam\u00e9ra murale et 2 enceintes, \u00e9cran TV, projecteur)<\/figcaption><\/figure><\/p>\n\t\t\t<td class=\"platipus\" width=\"50%\">\n\t\t\t\t<p><figure><img decoding=\"async\" class=\"salles\" src=\"https:\/\/platipus.univ-grenoble-alpes.fr\/wp-content\/uploads\/2024\/09\/Salle-305.jpg\" alt=\"Photo Salle 305 MaCI\"><figcaption>Salle 305 connect\u00e9e<br><br>(7 tables, 12 chaises dont 5 tournantes avec repose-pieds, tableau blanc, \u00e9cran de projection, 1 cam\u00e9ra murale et 2 enceintes, \u00e9cran TV)<\/figcaption><\/figure><\/p>\n\t\t\t<\/td>\t\t\n\t\t<\/tr>\n\t\t\n\t\t<tr>\n\t\t\t<td class=\"platipus\" width=\"50%\">\n\t\t\t\t<p><figure><img decoding=\"async\" class=\"salles\" src=\"https:\/\/platipus.univ-grenoble-alpes.fr\/wp-content\/uploads\/2024\/09\/Salle-336.jpg\" alt=\"Photo Salle 336 MaCI\"><figcaption>Salle 336 id\u00e9ale pour de la motricit\u00e9<br><br>(8 tables, 42 chaises, 1 fauteuil de bureau, paper board, projecteur)<\/figcaption><\/figure><\/p>\n\t\t\t<\/td>\n\t\t\t<td class=\"platipus\" width=\"50%\">\n\t\t\t\t<p><figure><img decoding=\"async\" class=\"salles\" src=\"https:\/\/platipus.univ-grenoble-alpes.fr\/wp-content\/uploads\/2024\/09\/Salle-338.jpg\" alt=\"Photo Salle 338 MaCI\"><figcaption>Salle 338 multipostes<\/figcaption><\/figure><\/p>\n\t\t\t<\/td>\n\t\t<\/tr>\n\n\t\t<tr>\t\t\n\t\t\t<td  class=\"platipus\" colspan=\"2\">\n\t\t\t\t<center><p><figure><img decoding=\"async\" class=\"salles\" src=\"https:\/\/platipus.univ-grenoble-alpes.fr\/wp-content\/uploads\/2024\/09\/Plan-MACI-2.jpg\" alt=\"Plan des salles de la MaCI\"><figcaption>Plan des salles \u00e0 la MaCI (3e \u00e9tage du b\u00e2timent)<\/figcaption><\/figure><\/p><\/center>\n\t\t\t<\/td>\n\t\t<\/tr>\n\t<\/table>\n<\/div>\n<\/details>\n","protected":false},"excerpt":{"rendered":"<p>Vous pouvez r\u00e9server des salles pour votre \u00e9tude en contactant platipus@univ-grenoble-alpes.fr. Si votre \u00e9tude n&rsquo;est pas encore connue de PLATIPUS, merci de prendre connaissance de la proc\u00e9dure d&rsquo;inscription. Mis \u00e0 jour le 19\/05\/2025 Notre offre de salles et de boxes &hellip;<\/p>\n<p class=\"read-more\"> <a class=\"more-link\" href=\"https:\/\/platipus.univ-grenoble-alpes.fr\/?page_id=18\"> <span class=\"screen-reader-text\">Salles r\u00e9servables<\/span> Read More &raquo;<\/a><\/p>\n","protected":false},"author":1,"featured_media":0,"parent":0,"menu_order":0,"comment_status":"closed","ping_status":"closed","template":"","meta":{"footnotes":""},"class_list":["post-18","page","type-page","status-publish","hentry"],"_links":{"self":[{"href":"https:\/\/platipus.univ-grenoble-alpes.fr\/index.php?rest_route=\/wp\/v2\/pages\/18","targetHints":{"allow":["GET"]}}],"collection":[{"href":"https:\/\/platipus.univ-grenoble-alpes.fr\/index.php?rest_route=\/wp\/v2\/pages"}],"about":[{"href":"https:\/\/platipus.univ-grenoble-alpes.fr\/index.php?rest_route=\/wp\/v2\/types\/page"}],"author":[{"embeddable":true,"href":"https:\/\/platipus.univ-grenoble-alpes.fr\/index.php?rest_route=\/wp\/v2\/users\/1"}],"replies":[{"embeddable":true,"href":"https:\/\/platipus.univ-grenoble-alpes.fr\/index.php?rest_route=%2Fwp%2Fv2%2Fcomments&post=18"}],"version-history":[{"count":61,"href":"https:\/\/platipus.univ-grenoble-alpes.fr\/index.php?rest_route=\/wp\/v2\/pages\/18\/revisions"}],"predecessor-version":[{"id":3655,"href":"https:\/\/platipus.univ-grenoble-alpes.fr\/index.php?rest_route=\/wp\/v2\/pages\/18\/revisions\/3655"}],"wp:attachment":[{"href":"https:\/\/platipus.univ-grenoble-alpes.fr\/index.php?rest_route=%2Fwp%2Fv2%2Fmedia&parent=18"}],"curies":[{"name":"wp","href":"https:\/\/api.w.org\/{rel}","templated":true}]}}