{"id":23,"date":"2024-07-15T11:44:18","date_gmt":"2024-07-15T09:44:18","guid":{"rendered":"https:\/\/platipus.msh-alpes.fr\/?page_id=23"},"modified":"2026-04-09T16:15:35","modified_gmt":"2026-04-09T14:15:35","slug":"logiciels","status":"publish","type":"page","link":"https:\/\/platipus.univ-grenoble-alpes.fr\/?page_id=23","title":{"rendered":"Logiciels"},"content":{"rendered":"\n<table class=\"platipus\">\n\t<tr class=\"ligneintro\"><td><\/td><td><\/td><\/tr>\n\t<tr>\n\t\t<td class=\"iconeintro\">\n\t\t\t<img decoding=\"async\" class=\"icones\" src=\"https:\/\/platipus.univ-grenoble-alpes.fr\/wp-content\/uploads\/2021\/12\/Icone-MaterielExpe.png\" alt=\"icone mat\u00e9riel exp\u00e9rimental\">\n\t\t<\/td>\n\t\t<td class=\"textintro\">\n\t\t\t<p class=\"intro\">Vous pouvez obtenir des identifiants ou l&rsquo;acc\u00e8s \u00e0 un logiciel en contactant <a href=\"mailto:platipus@univ-grenoble-alpes.fr\">platipus@univ-grenoble-alpes.fr<\/a>.<br>Si votre \u00e9tude n&rsquo;est pas encore connue de PLATIPUS, merci de prendre connaissance de la <a href=\"https:\/\/platipus.univ-grenoble-alpes.fr\/?page_id=33\">proc\u00e9dure d&rsquo;inscription<\/a>.<\/p>\n\t\t<\/td>\n\t<\/tr>\n\t<tr class=\"ligneintro\"><td><\/td><td><\/td><\/tr>\n<\/table>\n\n<p class=\"maj\">Mis \u00e0 jour le 09\/04\/2026<\/p>\n\n<details>\n<summary>Logiciels d&rsquo;enqu\u00eates en ligne<\/summary>\n<div>\n\t<table>\n\t\t<tr>\n\t\t\t<td class=\"iconeintro\">\n\t\t\t\t<img decoding=\"async\" src=\"https:\/\/platipus.univ-grenoble-alpes.fr\/wp-content\/uploads\/2018\/09\/limesurvey-300x83.png\" alt=\"Logo LimeSurvey\" \/>\n\t\t\t<\/td>\n\t\t\t<td>\n\t\t\t\t<p><strong class=\"platipus\">Lime Survey (version 6.6.2)<\/strong><\/p>\n\t\t\t\t<p>Lime Survey est un logiciel d&rsquo;enqu\u00eates statistiques, de sondages, et de cr\u00e9ation de formulaires en ligne. Il permet aux utilisateurs, enqu\u00eateurs et statisticiens, de publier des questionnaires, sur le web ou les t\u00e9l\u00e9phones mobiles, pour en collecter les r\u00e9ponses.<br>Notre LimeSurvey h\u00e9berg\u00e9 sur site va \u00eatre remplac\u00e9 par un LimeSurvey en Cloud. Pendant un an, deux liens de connexion existent. Attention d&rsquo;utiliser le bon !<\/p>\n\t\t\t\t<p><a href=\"https:\/\/enquetes-screen.msh-alpes.fr\/index.php\/admin\/\">Acc\u00e9der au portail de connexion du LimeSurvey de PLATIPUS<\/a><br>\n\t\t\t\t<a href=\"https:\/\/espaces-collaboratifs.grenet.fr\/share\/page\/site\/platipus-public\/document-details?nodeRef=workspace:\/\/SpacesStore\/4929604e-79da-43ce-b5f3-d2e9d0e62c3a\">Notice Lime Survey \u00e0 lire avant utilisation<\/a><\/p>\n\t\t\t\t\n\t\t\t\t<!--<p><a href=\"https:\/\/account.limesurvey.org\/fr\/s-identifier\">Acc\u00e9der au portail de connexion du LimeSurvey Cloud<\/a><\/p>\n\t\t\t\t<p>Fiche sur la protection des donn\u00e9es (pour la version Cloud) disponible sur demande \u00e0 <a href=\\\"platipus@univ-grenoble-alpes.fr\\\">platipus@univ-grenoble-alpes.fr<\/a><\/p>-->\n\t\t\t<\/td>\n\t\t<\/tr>\n\t\t<tr>\n\t\t\t<td class=\"iconeintro\">\n\t\t\t\t<img decoding=\"async\" src=\"https:\/\/platipus.univ-grenoble-alpes.fr\/wp-content\/uploads\/2018\/09\/qualtrics.png\" alt=\"Logo Qualtrics\" \/>\n\t\t\t<\/td>\n\t\t\t<td>\n\t\t\t\t<p><strong class=\"platipus\">Qualtrics<\/strong><\/p>\n\t\t\t\t<p>Qualtrics est un logiciel de collecte et d&rsquo;analyse de donn\u00e9es en ligne. Qualtrics a une interface visuelle facile \u00e0 prendre en main et poss\u00e8de des fonctions avanc\u00e9es.<\/p>\n\t\t\t\t<p><a href=\"https:\/\/login.qualtrics.com\/login\" target=\"_blank\"> Acc\u00e9der au portail de connexion Qualtrics<\/a><\/p>\n\t\t\t\t<p>Fiche sur la protection des donn\u00e9es disponible sur demande \u00e0 <a href=\\\"platipus@univ-grenoble-alpes.fr\\\">platipus@univ-grenoble-alpes.fr<\/a><\/p>\n\t\t\t<\/td>\n\t\t<\/tr>\n\t<\/table>\n<\/div>\n<\/details>\n\n\n<details>\n<summary>Logiciels d&rsquo;exp\u00e9rimentation<\/summary>\n<div>\n\t<table>\n\t\t<tr>\n\t\t\t<td class=\"iconeintro\">\n\t\t\t\t<img decoding=\"async\" src=\"https:\/\/platipus.univ-grenoble-alpes.fr\/wp-content\/uploads\/2018\/09\/eprime-300x169.jpg\" alt=\"Logo e-prime\" \/>\n\t\t\t<\/td>\n\t\t\t<td>\n\t\t\t\t<p><strong class=\"platipus\">E-Prime (version 2)<\/strong><\/p>\n\t\t\t\t<p>E-Prime est un logiciel de conception d&rsquo;exp\u00e9riences. Il permet de cr\u00e9er des interfaces (textes, vid\u00e9os et images) et de r\u00e9colter les r\u00e9ponses des participants ainsi que leurs temps de r\u00e9ponses (\u00e0 la milliseconde). Il permet aussi l&rsquo;utilisation de plusieurs modalit\u00e9s de collecte de donn\u00e9es (souris, bo\u00eetes de r\u00e9ponse, claviers,&#8230;.).Il est aussi possible de programmer des applications plus complexes avec le logiciel.<\/p>\n\t\t\t<\/td>\n\t\t<\/tr>\n\t\t<tr>\n\t\t\t<td class=\"iconeintro\">\n\t\t\t\t<img decoding=\"async\" src=\"https:\/\/platipus.univ-grenoble-alpes.fr\/wp-content\/uploads\/2018\/09\/inquisit-300x225.png\" alt=\"Logo Inquisit\" \/>\n\t\t\t<\/td>\n\t\t\t<td>\n\t\t\t\t<p><strong class=\"platipus\">Inquisit Lab et Inquisit Web (version 5)<\/strong><\/p>\n\t\t\t\t<p>Inquisit et Inquisit-Web sont des logiciels de <a href=\"https:\/\/www.millisecond.com\/\"  target=\"_blank\">Millisecond<\/a> utiles pour mener des exp\u00e9riences et enqu\u00eates en ligne sans interface visuelle sp\u00e9cifique. Ils permettent d&rsquo;enregistrer les temps de r\u00e9actions.<\/p>\n\t\t\t\t<p>\n\t\t\t\t\t<a href=\"https:\/\/myaccount.millisecond.com\/login\"  target=\"_blank\">Acc\u00e9der au portail de connexion Inquisit Web<\/a><br> \n\t\t\t\t\t<a href=\"https:\/\/www.millisecond.com\/products\/lab\"  target=\"_blank\">Acc\u00e9der \u00e0 la description de Inquisit Lab<\/a><br>\n\t\t\t\t\t<a href=\"https:\/\/www.millisecond.com\/products\/web\"  target=\"_blank\">Acc\u00e9der \u00e0 la description de Inquisit Web<\/a>\n\t\t\t\t<\/p>\n\t\t\t\t<p>Fiche sur la protection des donn\u00e9es disponible (pour Inquisit Web) sur demande \u00e0 <a href=\\\"platipus@univ-grenoble-alpes.fr\\\">platipus@univ-grenoble-alpes.fr<\/a><\/p>\n\t\t\t<\/td>\n\t\t<\/tr>\n\t\t<tr>\n\t\t\t<td class=\"iconeintro\">\n\t\t\t\t<img decoding=\"async\" src=\"https:\/\/platipus.univ-grenoble-alpes.fr\/wp-content\/uploads\/2021\/01\/pavlovia.png\" alt=\"Logo Pavlovia\" \/>\n\t\t\t<\/td>\n\t\t\t<td>\n\t\t\t\t<p><strong class=\"platipus\">Pavlovia<\/strong><\/p>\n\t\t\t\t<p>Pavlovia est un logiciel permettant de porter des exp\u00e9riences (PsychoPy, Open Sesame, jsPsych, lab.js, psychojs) \u00e0 distance. Pavlovia vous permet d&rsquo;obtenir un lien \u00e0 transmettre \u00e0 vos participant\u00b7e\u00b7s pour qu&rsquo;ils r\u00e9alisent l&rsquo;\u00e9tude \u00e0 distance (e.g. de leur domicile) dans un navigateur.<\/p>  \n\t\t\t\t<p>Le fichier javascript de votre \u00e9tude est alors h\u00e9berg\u00e9 sur des serveurs s\u00e9curis\u00e9s au Royaume-Uni. <a href=\"https:\/\/pavlovia.org\/docs\/home\/ethics\" target=\"_blank\">Des informations d\u00e9taill\u00e9es sont disponibles ici<\/a>.<\/p>\n\t\t\t\t<p><a href=\"https:\/\/gitlab.pavlovia.org\/users\/sign_in?auto_sign_in=false\"  target=\"_blank\">Acc\u00e9der au portail de connexion de Pavlovia<\/a><\/p>\n\t\t\t\t<p>Fiche sur la protection des donn\u00e9es disponible sur demande \u00e0 <a href=\\\"platipus@univ-grenoble-alpes.fr\\\">platipus@univ-grenoble-alpes.fr<\/a><\/p>\n\t\t\t<\/td>\n\t\t<\/tr>\n\t\t<tr>\n\t\t\t<td class=\"iconeintro\">\n\t\t\t\t<img decoding=\"async\" src=\"https:\/\/platipus.univ-grenoble-alpes.fr\/wp-content\/uploads\/2018\/09\/nolduslogo.png\" alt=\"Logo Noldus\" \/>\n\t\t\t<\/td>\n\t\t\t<td>\n\t\t\t\t<p><strong class=\"platipus\">The Observer XT (version 16)<\/strong><\/p>\n\t\t\t\t<p>The Observer XT est un produit <a href=\"https:\/\/www.noldus.com\/\"  target=\"_blank\">Noldus<\/a> pour l&rsquo;acquisition et la synchronisation de donn\u00e9es d&rsquo;observation \u00e0 des fins d&rsquo;analyse et de traitement en permettant de mixer plusieurs sources.<\/p>\n\t\t\t\t<p><a href=\"https:\/\/www.noldus.com\/observer-xt-animal\"  target=\"_blank\">Acc\u00e9der \u00e0 la description de l&rsquo;\u00e9diteur<\/a><\/p>\n\t\t\t<\/td>\n\t\t<\/tr>\n\t\t<tr>\n\t\t\t<td class=\"iconeintro\">\n\t\t\t\t<img decoding=\"async\" src=\"https:\/\/platipus.univ-grenoble-alpes.fr\/wp-content\/uploads\/2018\/09\/nolduslogo.png\" alt=\"Logo Noldus\" \/>\n\t\t\t<\/td>\n\t\t\t<td>\n\t\t\t\t<p><strong class=\"platipus\">FaceReader (version 9.1)<\/strong><\/p>\n\t\t\t\t<p>FaceReader est un produit <a href=\"https:\/\/www.noldus.com\/\"  target=\"_blank\">Noldus<\/a> pour la reconnaissance des expressions faciales.<\/p>\n\t\t\t\t<p><a href=\"https:\/\/www.noldus.com\/facereader\"  target=\"_blank\">Acc\u00e9der \u00e0 la description de l&rsquo;\u00e9diteur<\/a><\/p>\n\t\t\t<\/td>\n\t\t<\/tr>\n\t<\/table>\n<\/div>\n<\/details>\n\n<details>\n<summary>Logiciels \u00e0 utiliser avec un mat\u00e9riel sp\u00e9cifique<\/summary>\n<div>\n\t<table>\n\t\t<tr>\n\t\t\t<td class=\"iconeintro\">\n\t\t\t\t<img decoding=\"async\" src=\"https:\/\/platipus.univ-grenoble-alpes.fr\/wp-content\/uploads\/2018\/09\/Tobii_eye_tracking_300pxhigh-300x129.png\" alt=\"Logo Tobii Pro Studio\">\n\t\t\t<\/td>\n\t\t\t<td>\n\t\t\t\t<p><strong class=\"platipus\">Tobii Pro Lab<\/strong> <font class=\"platipus\">\u00e0 utiliser avec les eye-tracker Tobii<\/font><\/p>\n\t\t\t\t<p>Tobii Pro lab est une gamme de logiciels de capture et d&rsquo;analyse pour les eye-tracker <a href=\"https:\/\/www.tobii.com\/\"  target=\"_blank\">Tobii<\/a>.<br>La version Full Edition int\u00e8gre toute la cha\u00eene d&rsquo;un protocole (cr\u00e9ation du sc\u00e9nario, capture, visualisations et analyse). Il facilite les interpr\u00e9tations en fournissant des outils de statistiques et d&rsquo;exportation, tout en privil\u00e9giant la facilit\u00e9 de prise en main.<br>La version Analyzer ne permet que l&rsquo;analyse des donn\u00e9es collect\u00e9es et ne fonctionne qu&rsquo;avec les Glasses 2 et 3.<\/p>\n\t\t\t\t<p><strong>Versions disponibles :<\/strong> Tobii pro Lab full edition &#038; Tobii pro Lab Analyzer<\/p> \n\t\t\t\t<p> <a href=\"https:\/\/www.tobii.com\/products\/software\/behavior-research-software\/tobii-pro-lab\"  target=\"_blank\">Acc\u00e9der \u00e0 la description de l&rsquo;\u00e9diteur<\/a><\/p>\n\t\t\t\t<p> <a href=\"https:\/\/go.tobii.com\/tobii_pro_lab_user_manual\"  target=\"_blank\">Acc\u00e9der \u00e0 la documentation Tobii Pro Lab de l&rsquo;\u00e9diteur<\/a><\/p>\n\t\t\t<\/td>\n\t\t<\/tr>\n\t\t<tr>\n\t\t\t<td class=\"iconeintro\">\n\t\t\t\t<img decoding=\"async\" src=\"https:\/\/platipus.univ-grenoble-alpes.fr\/wp-content\/uploads\/2018\/09\/adinstrumentlogo-300x83.png\" alt=\"Logo AdInstrument\">\n\t\t\t<\/td>\n\t\t\t<td>\n\t\t\t\t<p><strong class=\"platipus\">Labchart Pro (version 8)<\/strong> <font class=\"platipus\">\u00e0 utiliser avec le Powerlab<\/font><\/p>\n\t\t\t\t<p>LabChart Pro est le logiciel d&rsquo;analyse de <a href=\"https:\/\/www.adinstruments.com\/\"  target=\"_blank\">ADInstrument<\/a> pour la cr\u00e9ation d&rsquo;une plateforme d&rsquo;acquisition, de conditionnement et de pre-processing des signaux biom\u00e9triques enregistr\u00e9s.<\/p>\n\t\t\t\t<p><a href=\"https:\/\/m-cdn.adinstruments.com\/brochures\/Getting_Started_with_LabChart_June-2018.pdf\" target=\"_blank\">Acc\u00e9der \u00e0 la documentation de l&rsquo;\u00e9diteur<\/a><\/p>\n\t\t\t<\/td>\n\t\t<\/tr>\n\t\t<tr>\n\t\t\t<td class=\"iconeintro\">\n\t\t\t\t<img decoding=\"async\" src=\"https:\/\/platipus.univ-grenoble-alpes.fr\/wp-content\/uploads\/2019\/01\/biopac.jpeg\" alt=\"Logo Acknowledge (BIOPAC)\">\n\t\t\t<\/td>\n\t\t\t<td>\n\t\t\t\t<p><strong class=\"platipus\">Acqknowledge (version 4.2)<\/strong> <font class=\"platipus\">\u00e0 utiliser avec les BIOPAC<\/font><\/a><\/p>\n\t\t\t\t<p>Acqknowledge est le logiciel d&rsquo;acquisition de <a href=\"https:\/\/www.biopac.com\/\"  target=\"_blank\">Biopac<\/a> pour l&rsquo;acquisition de donn\u00e9es physiologiques. Il permet aussi la visualisation, la transformation ainsi que l&rsquo;analyse des traces collect\u00e9es. Il s\u2019agit d\u2019un logiciel intuitif qui s\u2019utilise sans programmation.<\/p>\n\t\t\t\t<p><a href=\"https:\/\/www.biopac.com\/product\/acqknowledge-software\/\" target=\"_blank\">Acc\u00e9der \u00e0 la description de l&rsquo;\u00e9diteur<\/a><\/p>\n\t\t\t<\/td>\n\t\t<\/tr>\n\t\t<tr>\n\t\t\t<td class=\"iconeintro\">\n\t\t\t\t<img decoding=\"async\" src=\"https:\/\/platipus.univ-grenoble-alpes.fr\/wp-content\/uploads\/2026\/01\/Logo-ametris-actilife.png\" alt=\"Logo Actilife (Actigraph)\" >\n\t\t\t<\/td>\n\t\t\t<td>\n\t\t\t\t<p><strong class=\"platipus\">Actilife<\/strong> <font class=\"platipus\">\u00e0 utiliser avec les Actigraphs (Ametris)<\/font><\/a><\/p>\n\t\t\t\t<p>Actigraph est le logiciel d&rsquo;analyse de l&rsquo;activit\u00e9 physique mesur\u00e9e \u00e0 partir des capteurs d&rsquo;<a href=\"https:\/\/ametris.com\/\"  target=\"_blank\">Ametris (anciennement Actigraphs)<\/a>. Nous disposons d&rsquo;une licence compl\u00e8te de ce logiciel incluant l&rsquo;option pour l&rsquo;analyse du sommeil.<\/p>\n\t\t\t\t<p><a href=\"https:\/\/ametris.com\/actilife\" target=\"_blank\">Acc\u00e9der \u00e0 la description de l&rsquo;\u00e9diteur<\/a><\/p>\n\t\t\t<\/td>\n\t\t<\/tr>\n<\/table>\n<\/div>\n<\/details>\n\n<details>\n<summary>Logiciel d&rsquo;analyse de textes<\/summary>\n<div>\n\t<table>\n\t\t<tr>\n\t\t\t<td class=\"iconeintro\">\n\t\t\t\t<img decoding=\"async\" src=\"https:\/\/platipus.univ-grenoble-alpes.fr\/wp-content\/uploads\/2024\/03\/logo_NVIVO.jpg\" alt=\"Logo NVIVO\">\n\t\t\t<\/td>\n\t\t\t<td>\n\t\t\t\t<p><strong class=\"platipus\">NVIVO (version 14)<\/strong><\/p>\n\t\t\t\t<p>NVIVO est \u00e9dit\u00e9 par <a href=\"https:\/\/lumivero.com\/products\/nvivo\/\"  target=\"_blank\">Lumivero<\/a>. Il permet d&rsquo;analyser et structurer des donn\u00e9es qualitatives non structur\u00e9es comme un entretien, un article ou une page web.<\/p>\n\t\t\t\t<p><a href=\"https:\/\/lumivero.com\/products\/nvivo\/\"  target=\"_blank\">Acc\u00e9der \u00e0 la description de l&rsquo;\u00e9diteur<\/a><\/p>\n\t\t\t<\/td>\n\t\t<\/tr>\n\t<\/table>\n<\/div>\n<\/details>\n\n<details>\n<summary>Logiciel de r\u00e9alit\u00e9 virtuelle et augment\u00e9e<\/summary>\n<div>\n\t<table>\n\t\t<tr>\n\t\t\t<td class=\"iconeintro\">\n\t\t\t\t<img decoding=\"async\" src=\"https:\/\/platipus.univ-grenoble-alpes.fr\/wp-content\/uploads\/2024\/12\/LogoSphere.png\" alt=\"Logo SPEHRE\">\n\t\t\t<\/td>\n\t\t\t<td>\n\t\t\t\t<p><strong class=\"platipus\">SPHERE <\/strong><\/p>\n\t\t\t\t<p>SPHERE est une application de <a href=\"https:\/\/www.speedernet.com\/\"  target=\"_blank\">Speedernet<\/a>. Il permet de cr\u00e9er des environnements virtuels ou 360\u00b0 ais\u00e9ment sans recours au code.<br>Vous pouvez utiliser cet outil pour vos exp\u00e9rimentations n\u00e9cessitant de l&rsquo;immersion ou pour cr\u00e9er des prototypes d&rsquo;applications que vous souhaiteriez ensuite d\u00e9velopper ou faire d\u00e9velopper par un prestataire externe. <br>Vous pouvez \u00e9galement recourir \u00e0 cette application pour r\u00e9aliser vos propres mises en situation (entretiens professionnelsn, consultation&#8230;) \u00e0 destination de vos \u00e9tudiants.<br>Les projets r\u00e9alis\u00e9s avec SPHERE peuevnt \u00eatre jou\u00e9s en \u00ab\u00a0flat\u00a0\u00bb (sur \u00e9cran de PC) ou sur des casques de r\u00e9alit\u00e9 vituelle \/ mixte.<\/p>\n\t\t\t\t<p><em>ATTENTION : l&rsquo;acc\u00e8s \u00e0 notre licence est payant. Le montant appliqu\u00e9 d\u00e9pendra du nombre de personnes utilisatrices dans l&rsquo;ann\u00e9e d&rsquo;abonnement. La licence est disponible jusqu&rsquo;\u00e0 novembre 2025. Sa reconduction d\u00e9pendra de la demande. <\/em><\/p>\n\t\t\t\t<p><a href=\"https:\/\/www.speedernet.com\/solutions-learning\/#sphere\"  target=\"_blank\">Acc\u00e9der \u00e0 la description de l&rsquo;\u00e9diteur<\/a><\/p>\n\t\t\t\t<p><a href=\"https:\/\/cloud.sphereapp.fr\/public\/dWxEkNRw\"  target=\"_blank\">Acc\u00e9der \u00e0 notre visite virtuelle<\/a> des locaux de PLATIPUS sur le site de la MSH-Alpes r\u00e9alis\u00e9e avec SPHERE.<\/p>\n\t\t\t<\/td>\n\t\t<\/tr>\n\t<\/table>\n<\/div>\n<\/details>\n\n","protected":false},"excerpt":{"rendered":"<p>Vous pouvez obtenir des identifiants ou l&rsquo;acc\u00e8s \u00e0 un logiciel en contactant platipus@univ-grenoble-alpes.fr.Si votre \u00e9tude n&rsquo;est pas encore connue de PLATIPUS, merci de prendre connaissance de la proc\u00e9dure d&rsquo;inscription. Mis \u00e0 jour le 09\/04\/2026 Logiciels d&rsquo;enqu\u00eates en ligne Lime Survey &hellip;<\/p>\n<p class=\"read-more\"> <a class=\"more-link\" href=\"https:\/\/platipus.univ-grenoble-alpes.fr\/?page_id=23\"> <span class=\"screen-reader-text\">Logiciels<\/span> Read More &raquo;<\/a><\/p>\n","protected":false},"author":1,"featured_media":0,"parent":0,"menu_order":0,"comment_status":"closed","ping_status":"closed","template":"","meta":{"footnotes":""},"class_list":["post-23","page","type-page","status-publish","hentry"],"_links":{"self":[{"href":"https:\/\/platipus.univ-grenoble-alpes.fr\/index.php?rest_route=\/wp\/v2\/pages\/23","targetHints":{"allow":["GET"]}}],"collection":[{"href":"https:\/\/platipus.univ-grenoble-alpes.fr\/index.php?rest_route=\/wp\/v2\/pages"}],"about":[{"href":"https:\/\/platipus.univ-grenoble-alpes.fr\/index.php?rest_route=\/wp\/v2\/types\/page"}],"author":[{"embeddable":true,"href":"https:\/\/platipus.univ-grenoble-alpes.fr\/index.php?rest_route=\/wp\/v2\/users\/1"}],"replies":[{"embeddable":true,"href":"https:\/\/platipus.univ-grenoble-alpes.fr\/index.php?rest_route=%2Fwp%2Fv2%2Fcomments&post=23"}],"version-history":[{"count":105,"href":"https:\/\/platipus.univ-grenoble-alpes.fr\/index.php?rest_route=\/wp\/v2\/pages\/23\/revisions"}],"predecessor-version":[{"id":3832,"href":"https:\/\/platipus.univ-grenoble-alpes.fr\/index.php?rest_route=\/wp\/v2\/pages\/23\/revisions\/3832"}],"wp:attachment":[{"href":"https:\/\/platipus.univ-grenoble-alpes.fr\/index.php?rest_route=%2Fwp%2Fv2%2Fmedia&parent=23"}],"curies":[{"name":"wp","href":"https:\/\/api.w.org\/{rel}","templated":true}]}}