{"id":2391,"date":"2024-09-03T15:57:31","date_gmt":"2024-09-03T13:57:31","guid":{"rendered":"https:\/\/platipus.univ-grenoble-alpes.fr\/?page_id=2391"},"modified":"2024-09-11T11:15:33","modified_gmt":"2024-09-11T09:15:33","slug":"credits","status":"publish","type":"page","link":"https:\/\/platipus.univ-grenoble-alpes.fr\/?page_id=2391","title":{"rendered":"Cr\u00e9dits"},"content":{"rendered":"\n<table class=\"platipus\">\n\t<tr class=\"ligneintro\"><td><\/td><td><\/td><\/tr>\n\t<tr>\n\t\t<td class=\"iconeintro\">\n\t\t\t<img decoding=\"async\" class=\"icones\" src=\"https:\/\/platipus.univ-grenoble-alpes.fr\/wp-content\/uploads\/2024\/09\/droits-dauteur.png\" width=\"100px\" alt=\"Icone credits\">\n\t\t<\/td>\n\t\t<td class=\"textintro\">\n\t\t\t<p class=\"intro\">Des ic\u00f4nes et photos ont pu \u00eatre emprunt\u00e9 \u00e0 d&rsquo;autres. Nous tenons \u00e0 cr\u00e9diter ici, chacun des auteurs.<\/p>\n\t\t<\/td>\n\t<\/tr>\n\t<tr class=\"ligneintro\"><td><\/td><td><\/td><\/tr>\n<\/table>\n\n<p class=\"maj\">Mis \u00e0 jour le 09\/09\/2024<\/p>\n\n\n<details>\n<summary>Photos<\/summary>\n<div>\n\t<table class=\"platipus\">\n\t<tr>\n\t\t\t<td class=\"iconeintro\"><img decoding=\"async\" src=\"https:\/\/platipus.univ-grenoble-alpes.fr\/wp-content\/uploads\/2024\/09\/IMG_6597b-scaled.jpg\" alt=\"Vue de Grenoble\"><\/td>\n\t\t\t<td><p>Vue de Grenoble &#8211; Sonia Mandin<\/p><\/td>\n\t<\/tr>\n\t<\/table>\n<\/div>\n<\/details>\n\n<details>\n<summary>Ic\u00f4nes<\/summary>\n<div>\n\t<table class=\"platipus\">\n\t\t<tr>\n\t\t\t<td class=\"iconeintro\"><img decoding=\"async\" src=\"https:\/\/platipus.univ-grenoble-alpes.fr\/wp-content\/uploads\/2024\/08\/epingler.png\" alt=\"Icone Localisation\"><\/td>\n\t\t\t<td><p><a href=\"https:\/\/www.flaticon.com\/fr\/icones-gratuites\/geolocalisation\" title=\"g\u00e9olocalisation ic\u00f4nes\" target=\"_blank\" rel=\"noopener\">G\u00e9olocalisation ic\u00f4nes cr\u00e9\u00e9es par iconfield &#8211; Flaticon<\/a><\/p><\/td>\n\t\t<\/tr>\n\t\t<tr>\n\t\t\t<td class=\"iconeintro\"><img decoding=\"async\" src=\"https:\/\/platipus.univ-grenoble-alpes.fr\/wp-content\/uploads\/2024\/08\/serveur.png\" alt=\"Icone serveur\"><\/td>\n\t\t\t<td><p><a href=\"https:\/\/www.flaticon.com\/fr\/icones-gratuites\/serveur\" title=\"serveur ic\u00f4nes\" target=\"_blank\" rel=\"noopener\">Serveur ic\u00f4nes cr\u00e9\u00e9es par Those Icons &#8211; Flaticon<\/a><\/p><\/td\n\t\t<\/tr>\n\t\t<tr>\n\t\t\t<td class=\"iconeintro\"><img decoding=\"async\" src=\" https:\/\/platipus.univ-grenoble-alpes.fr\/wp-content\/uploads\/2024\/08\/contrat-1.png\" alt=\"Icone Charte\"><\/td>\n\t\t\t<td><p><a href=\"https:\/\/www.flaticon.com\/fr\/icones-gratuites\/contrat\" title=\"contrat ic\u00f4nes\" target=\"_blank\" rel=\"noopener\">Contrat ic\u00f4nes cr\u00e9\u00e9es par wanicon &#8211; Flaticon<\/a><\/p><\/td\n\t\t<\/tr>\n\t\t<tr>\n\t\t\t<td class=\"iconeintro\"><img decoding=\"async\" src=\"https:\/\/platipus.univ-grenoble-alpes.fr\/wp-content\/uploads\/2024\/08\/procedure.png\" alt=\"Icone Procedure\"><\/td>\n\t\t\t<td><p><a href=\"https:\/\/www.flaticon.com\/fr\/icones-gratuites\/procedure\" title=\"proc\u00e9dure ic\u00f4nes\" target=\"_blank\" rel=\"noopener\">Proc\u00e9dure ic\u00f4nes cr\u00e9\u00e9es par noomtah &#8211; Flaticon<\/a><\/p><\/td>\n\t\t<\/tr>\n\t\t<tr>\n\t\t\t<td class=\"iconeintro\"><img decoding=\"async\" src=\"https:\/\/platipus.univ-grenoble-alpes.fr\/wp-content\/uploads\/2021\/12\/Icone-Participants.png\" alt=\"Icone Volontaires\"><\/td>\n\t\t\t<td><p><a href=\"https:\/\/www.flaticon.com\/fr\/icones-gratuites\/foule\" title=\"foule ic\u00f4nes\" target=\"_blank\" rel=\"noopener\">Foule ic\u00f4nes cr\u00e9\u00e9es par Freepik &#8211; Flaticon<\/a><\/p><\/td\n\t\t<\/tr>\n\t\t<tr>\n\t\t\t<td class=\"iconeintro\"><img decoding=\"async\" src=\"https:\/\/platipus.univ-grenoble-alpes.fr\/wp-content\/uploads\/2023\/06\/icone-rechercher.png\" alt=\"Icone Loupe\"><\/td>\n\t\t\t<td><p><a href=\"https:\/\/www.flaticon.com\/fr\/icones-gratuites\/loupe\" title=\"loupe ic\u00f4nes\" target=\"_blank\" rel=\"noopener\">Loupe ic\u00f4nes cr\u00e9\u00e9es par Muhammad_Usman &#8211; Flaticon<\/a><\/p><\/td>\n\t\t<\/tr>\n\t\t<tr>\n\t\t\t<td class=\"iconeintro\"><img decoding=\"async\" src=\"https:\/\/platipus.univ-grenoble-alpes.fr\/wp-content\/uploads\/2023\/06\/icone-presentation.png\" alt=\"Icone R\u00e9sultats\"><\/td>\n\t\t\t<td><p><a href=\"https:\/\/www.flaticon.com\/fr\/icones-gratuites\/resultat\" title=\"r\u00e9sultat ic\u00f4nes\" target=\"_blank\" rel=\"noopener\">R\u00e9sultat ic\u00f4nes cr\u00e9\u00e9es par dickprayuda &#8211; Flaticon<\/a><\/p><\/td>\n\t\t<\/tr>\n\t\t<tr>\n\t\t\t<td class=\"iconeintro\"><img decoding=\"async\" src=\"https:\/\/platipus.univ-grenoble-alpes.fr\/wp-content\/uploads\/2021\/12\/icone-Espace.png\" alt=\"Icone Salles\"><\/td>\n\t\t\t<td><p><a href=\"https:\/\/www.flaticon.com\/fr\/icones-gratuites\/lieu-de-travail\" target=\"_blank\" rel=\"noopener\">Lieu de travail ic\u00f4nes cr\u00e9\u00e9es par Sir.Vector &#8211; Flaticon<\/a><\/p><\/td>\n\t\t<\/tr>\n\t\t<tr>\n\t\t\t<td class=\"iconeintro\"><img decoding=\"async\" src=\"https:\/\/platipus.univ-grenoble-alpes.fr\/wp-content\/uploads\/2021\/12\/Icone-MaterielExpe.png\" alt=\"Icone Materiel\"><\/td>\n\t\t\t<td><p><a href=\"https:\/\/www.flaticon.com\/fr\/icones-gratuites\/experimentation\" title=\"exp\u00e9rimentation ic\u00f4nes\" target=\"_blank\" rel=\"noopener\">Exp\u00e9rimentation ic\u00f4nes cr\u00e9\u00e9es par justicon &#8211; Flaticon<\/a><\/p><\/td>\n\t\t<\/tr>\n\t\t<tr>\n\t\t\t<td class=\"iconeintro\"><img decoding=\"async\" src=\"https:\/\/platipus.univ-grenoble-alpes.fr\/wp-content\/uploads\/2024\/09\/animateur-radio.png\" alt=\"Icone Conf\u00e9rences\"><\/td>\n\t\t\t<td><p><a href=\"https:\/\/www.flaticon.com\/fr\/icones-gratuites\/animateur-radio\" title=\"animateur radio ic\u00f4nes\" target=\"_blank\" rel=\"noopener\">Animateur radio ic\u00f4nes cr\u00e9\u00e9es par Freepik &#8211; Flaticon<\/a><\/p><\/td>\n\t\t<\/tr>\n\t\t<tr>\n\t\t\t<td class=\"iconeintro\"><img decoding=\"async\" src=\"https:\/\/platipus.univ-grenoble-alpes.fr\/wp-content\/uploads\/2024\/09\/formation-1.png\" alt=\"Icone Formaton\"><\/td>\n\t\t\t<td><p><a href=\"https:\/\/www.flaticon.com\/fr\/icones-gratuites\/entrainement\" title=\"entra\u00eenement ic\u00f4nes\" target=\"_blank\" rel=\"noopener\">Entra\u00eenement ic\u00f4nes cr\u00e9\u00e9es par SBTS2018 &#8211; Flaticon<\/a><\/p><\/td>\n\t\t<\/tr>\n\t\t<tr>\n\t\t\t<td class=\"iconeintro\"><img decoding=\"async\" src=\"https:\/\/platipus.univ-grenoble-alpes.fr\/wp-content\/uploads\/2021\/12\/Icone-Conseil.png\" alt=\"Icone Bonnes Pratiques\"><\/td>\n\t\t\t<td><p><a href=\"https:\/\/www.flaticon.com\/fr\/icones-gratuites\/pratique\" title=\"pratique ic\u00f4nes\" target=\"_blank\" rel=\"noopener\">Pratique ic\u00f4nes cr\u00e9\u00e9es par ibrandify &#8211; Flaticon<\/a><\/p><\/td>\n\t\t<\/tr>\n\t\t<tr>\n\t\t\t<td class=\"iconeintro\"><img decoding=\"async\" src=\"https:\/\/platipus.univ-grenoble-alpes.fr\/wp-content\/uploads\/2024\/08\/a-lexterieur.png\" alt=\"Icone Ressources Ext\u00e9rieures\"><\/td>\n\t\t\t<td><p><a href=\"https:\/\/www.flaticon.com\/fr\/icones-gratuites\/a-lexterieur\" title=\"\u00e0 l'ext\u00e9rieur ic\u00f4nes\" target=\"_blank\" rel=\"noopener\">\u00c0 l&rsquo;ext\u00e9rieur ic\u00f4nes cr\u00e9\u00e9es par Pixel perfect &#8211; Flaticon<\/a><\/p><\/td>\n\t\t<\/tr>\n\t\t<tr>\n\t\t\t<td class=\"iconeintro\"><img decoding=\"async\" src=\"https:\/\/platipus.univ-grenoble-alpes.fr\/wp-content\/uploads\/2024\/08\/documentation.png\" alt=\"Icone Fiches\"><\/td>\n\t\t\t<td>\n\t\t\t\t<p><a href=\"https:\/\/www.flaticon.com\/fr\/icones-gratuites\/documentation\" title=\"documentation ic\u00f4nes\" target=\"_blank\" rel=\"noopener\">Documentation ic\u00f4nes cr\u00e9\u00e9es par Haca Studio &#8211; Flaticon<\/a><\/p>\n\t\t<\/tr>\n\t\t<tr>\n\t\t\t<td class=\"iconeintro\"><img decoding=\"async\" src=\"https:\/\/platipus.univ-grenoble-alpes.fr\/wp-content\/uploads\/2024\/09\/droits-dauteur.png\" alt=\"Icone Cr\u00e9dits\"><\/td>\n\t\t\t<td><p><a href=\"https:\/\/www.flaticon.com\/fr\/icones-gratuites\/auteur\" title=\"auteur ic\u00f4nes\" target=\"_blank\" rel=\"noopener\">Auteur ic\u00f4nes cr\u00e9\u00e9es par Freepik &#8211; Flaticon<\/a><\/p><\/td><\/td>\n\t\t<\/tr>\n\t\t\n\t\t\n\t\t<!--<tr>\n\t\t\t<td class=\"iconeintro\"><img decoding=\"async\" src=\"\" alt=\"Icone \"><\/td>\n\t\t\t<td><p><a href=\"https:\/\/www.flaticon.com\/fr\/icones-gratuites\/contrat\" title=\"contrat ic\u00f4nes\" target=\"_blank\" rel=\"noopener\">Contrat ic\u00f4nes cr\u00e9\u00e9es par wanicon - Flaticon<\/a><\/p>\n\t\t<\/tr>\n\t\t<tr>\n\t\t\t<td class=\"iconeintro\"><img decoding=\"async\" src=\"\" alt=\"Icone \"><\/td>\n\t\t\t<td>\n\t\t\t\t<p>Icone contrat de pret : <a href=\"https:\/\/www.flaticon.com\/fr\/icones-gratuites\/contrat\" title=\"contrat ic\u00f4nes\" target=\"_blank\" rel=\"noopener\">Contrat ic\u00f4nes cr\u00e9\u00e9es par Freepik - Flaticon<\/a><\/p>\n\t\t<\/tr>\n\t\t\n\t\t\n\t\t\n\t\t-->\n\t<\/table>\n<\/div>\n<\/details>\n","protected":false},"excerpt":{"rendered":"<p>Des ic\u00f4nes et photos ont pu \u00eatre emprunt\u00e9 \u00e0 d&rsquo;autres. Nous tenons \u00e0 cr\u00e9diter ici, chacun des auteurs. Mis \u00e0 jour le 09\/09\/2024 Photos Vue de Grenoble &#8211; Sonia Mandin Ic\u00f4nes G\u00e9olocalisation ic\u00f4nes cr\u00e9\u00e9es par iconfield &#8211; Flaticon Serveur ic\u00f4nes &hellip;<\/p>\n<p class=\"read-more\"> <a class=\"more-link\" href=\"https:\/\/platipus.univ-grenoble-alpes.fr\/?page_id=2391\"> <span class=\"screen-reader-text\">Cr\u00e9dits<\/span> Read More &raquo;<\/a><\/p>\n","protected":false},"author":1,"featured_media":0,"parent":0,"menu_order":0,"comment_status":"closed","ping_status":"closed","template":"","meta":{"footnotes":""},"class_list":["post-2391","page","type-page","status-publish","hentry"],"_links":{"self":[{"href":"https:\/\/platipus.univ-grenoble-alpes.fr\/index.php?rest_route=\/wp\/v2\/pages\/2391","targetHints":{"allow":["GET"]}}],"collection":[{"href":"https:\/\/platipus.univ-grenoble-alpes.fr\/index.php?rest_route=\/wp\/v2\/pages"}],"about":[{"href":"https:\/\/platipus.univ-grenoble-alpes.fr\/index.php?rest_route=\/wp\/v2\/types\/page"}],"author":[{"embeddable":true,"href":"https:\/\/platipus.univ-grenoble-alpes.fr\/index.php?rest_route=\/wp\/v2\/users\/1"}],"replies":[{"embeddable":true,"href":"https:\/\/platipus.univ-grenoble-alpes.fr\/index.php?rest_route=%2Fwp%2Fv2%2Fcomments&post=2391"}],"version-history":[{"count":13,"href":"https:\/\/platipus.univ-grenoble-alpes.fr\/index.php?rest_route=\/wp\/v2\/pages\/2391\/revisions"}],"predecessor-version":[{"id":2814,"href":"https:\/\/platipus.univ-grenoble-alpes.fr\/index.php?rest_route=\/wp\/v2\/pages\/2391\/revisions\/2814"}],"wp:attachment":[{"href":"https:\/\/platipus.univ-grenoble-alpes.fr\/index.php?rest_route=%2Fwp%2Fv2%2Fmedia&parent=2391"}],"curies":[{"name":"wp","href":"https:\/\/api.w.org\/{rel}","templated":true}]}}