{"id":27,"date":"2024-07-15T11:45:17","date_gmt":"2024-07-15T09:45:17","guid":{"rendered":"https:\/\/platipus.msh-alpes.fr\/?page_id=27"},"modified":"2025-11-26T15:59:23","modified_gmt":"2025-11-26T14:59:23","slug":"bonnes-pratiques","status":"publish","type":"page","link":"https:\/\/platipus.univ-grenoble-alpes.fr\/?page_id=27","title":{"rendered":"Bonnes Pratiques"},"content":{"rendered":"\n<table class=\"platipus\">\n\t<tr class=\"ligneintro\"><td><\/td><td><\/td><\/tr>\n\t<tr>\n\t\t<td class=\"iconeintro\">\n\t\t\t<img decoding=\"async\" class=\"icones\" src=\"https:\/\/platipus.univ-grenoble-alpes.fr\/wp-content\/uploads\/2021\/12\/Icone-Conseil.png\" width=\"100px\" alt=\"icone conseil\">\n\t\t<\/td>\n\t\t<td class=\"textintro\">\n\t\t\t<p class=\"intro\">Vous avez une \u00e9tude en perspective ou en cours ? <br>Vous trouverez ici diff\u00e9rentes informations pour vous aider dans le respect des lois sur la protection des donn\u00e9es et des r\u00e8glements \u00e9thiques.<\/p>\n\t\t<\/td>\n\t<\/tr>\n\t<tr class=\"ligneintro\"><td><\/td><td><\/td><\/tr>\n<tr>\n<\/table>\n\n<p class=\"maj\">Mise \u00e0 jour le 26\/11\/2025<\/p>\n\n<details>\n<summary>RGPD<\/summary>\n<div>\n\t<table class=\"platipus\">\n\t\t<tr>\n\t\t\t<td class=\"platipus\">\n\t\t\t\t<p><strong class=\"platipus\">Ce que dit la loi :<\/strong><\/p>\n\t\t\t\t<ul>\n\t\t\t\t\t<li><a href=\"https:\/\/platipus.univ-grenoble-alpes.fr\/?page_id=912\">Consulter quelques d\u00e9finitions autour du RGPD<\/a><\/li>\n\t\t\t\t\t<li><a href=\"https:\/\/www.cnil.fr\/fr\/reglement-europeen-protection-donnees\" target=\"_blank\">Lire le R\u00e8glement G\u00e9n\u00e9ral sur la Protection des Donn\u00e9es<\/a><\/li>\n\t\t\t\t\t<li><a href=\"https:\/\/platipus.univ-grenoble-alpes.fr\/?page_id=934\">Monter un projet de recherche en accord avec le RGPD<\/a><\/li>\n\t\t\t\t\t<li><a href=\"https:\/\/platipus.univ-grenoble-alpes.fr\/?page_id=945\">R\u00e9diger un consentement RGPD<\/a><\/li>\n\t\t\t\t<\/ul>\n\t\t\t\t<p>Notez que des <a href=\"https:\/\/www.francenum.gouv.fr\/formations\/comment-se-former-au-rgpd\" target=\"_blank\">formations au RGPD<\/a> sont gratuites et accessibles \u00e0 tous et qu&rsquo;un <a href=\"https:\/\/intranet.univ-grenoble-alpes.fr\/fonctions-d-appui\/informatique-services-numeriques-protection-des-donnees-securite-du-si\/protection-des-donnees\/protection-des-donnees-personnelles-v4-1662116.kjsp?RF=1534950292317&#038;RH=1534950292317&#038;ksession=4884c9bd-639b-40cd-ba45-397ea5c493a9\" target=\"_blank\">espace g\u00e9r\u00e9 par la mission DPO<\/a> est ausi disponible sur l&rsquo;intranet .<\/p>\t\n\t\t\t\t<p><strong class=\"platipus\">Mod\u00e8le de document : <\/strong><\/p>\n\t\t\t\t<ul>\n\t\t\t\t\t<li><a href=\"https:\/\/platipus.univ-grenoble-alpes.fr\/wp-content\/uploads\/2021\/10\/Modele-de-formulaire-de-consentement.docx\">Formulaire de consentement<\/a> pour des questionnaires en ligne.<\/li>\n\t\t\t\t\t<li><a href=\"https:\/\/platipus.univ-grenoble-alpes.fr\/wp-content\/uploads\/2022\/03\/Modele-de-notice-dinformation-RGPD.docx\">Notice d&rsquo;information<\/a> \u00e0 afficher au lancement d&rsquo;un questionnaire en ligne.<\/li>\t\t\t\t\t\t\t\t\n\t\t\t\t<\/ul>\n\t\t\t\t<p><strong class=\"platipus\">Gestion de vos donn\u00e9es par les \u00e9diteurs<\/strong><\/p>\n\t\t\t\t<p>Pour vous permettre d&rsquo;appr\u00e9hender ce que vos donn\u00e9es personnelles et de recherche adviennent quand vous recourrez aux ressources propos\u00e9es par PLATIPUS impliquant une externalisation des donn\u00e9es, nous avons \u00e9labor\u00e9 des <a href=\"https:\/\/platipus.univ-grenoble-alpes.fr\/?page_id=2795\">fiches sur la gestion des donn\u00e9es<\/a>. <\/p>\n\t\t\t<\/td>\n\t\t<\/tr>\n\t<\/table>\n<\/div>\n<\/details>\n\n<details>\n<summary>CERGA<\/summary>\n<div>\n\t<table class=\"platipus\">\n\t\t<tr>\n\t\t\t<td class=\"platipus\">\n\t\t\t\t<p><strong class=\"platipus\"> CERGA reprend son activit\u00e9 jusqu&rsquo;au 30 juin 2025.<\/strong><\/p>\n\t\t\t\t<p>Le CERGA (Comit\u00e9 d&rsquo;\u00e9thique pour les recherches Grenoble Alpes) propose une \u00e9valuation des protocoles de recherche sur tout le domaine grenoblois.<\/p>\n\t\t\t\t<p>Pour d\u00e9poser une demande d&rsquo;avis \u00e9thique, il vous faut prendre connaisssance de la \n\t\t\t\t<!--<a href=\"https:\/\/www.univ-grenoble-alpes.fr\/universite\/engagements\/ethique-et-deontologie\/comite-d-ethique-pour-la-recherche-grenoble-alpes\/le-comite-d-ethique-pour-la-recherche-grenoble-alpes-cerga--1240768.kjsp\" target=\"_blank\">--><a href=\"https:\/\/www.univ-grenoble-alpes.fr\/cerga\/\" target=\"_blank\">proc\u00e9dure<\/a> mise en place par le comit\u00e9. <\/p>\n\t\t\t\t\n\t\t\t\t<p> Jusqu&rsquo;\u00e0 cette date, toute question ou demande d&rsquo;avis \u00e9thique doit \u00eatre adress\u00e9e \u00e0 : <a href=\"mailto:themas-ADSC@univ-grenoble-alpes.fr\">themas-ADSC@univ-grenoble-alpes.fr<\/a><\/p>\n\t\t\t\t<!--<p><strong>Contact CERGA : <\/strong><a href=\"mailto:cerga@univ-grenoble-alpes.fr\">cerga@univ-grenoble-alpes.fr<\/a><\/p> -->\n\t\t\t<\/td>\n\t\t<\/tr>\n\t<\/table>\n<\/div>\n<\/details>\n\n<details>\n<summary>Gestion des mots de passe<\/summary>\n<div>\n\t<table class=\"platipus\">\n\t\t<tr>\n\t\t\t<td class=\"platipus\">\n\t\t\t\t<ul>\n\t\t\t\t\t<li><a href=\"https:\/\/www.cnil.fr\/fr\/generer-un-mot-de-passe-solide\" target=\"_blank\">D\u00e9finir son mot de passe<\/a><\/li>\n\t\t\t\t\t<li><a href=\"https:\/\/platipus.univ-grenoble-alpes.fr\/?page_id=2790\">Utiliser KeePass, un coffre-fort num\u00e9rique<\/a><\/li>\n\t\t\t\t<\/ul>\n\t\t\t<\/td>\n\t\t<\/tr>\n\t<\/table>\n<\/div>\n<\/details>\n\n","protected":false},"excerpt":{"rendered":"<p>Vous avez une \u00e9tude en perspective ou en cours ? Vous trouverez ici diff\u00e9rentes informations pour vous aider dans le respect des lois sur la protection des donn\u00e9es et des r\u00e8glements \u00e9thiques. Mise \u00e0 jour le 26\/11\/2025 RGPD Ce que &hellip;<\/p>\n<p class=\"read-more\"> <a class=\"more-link\" href=\"https:\/\/platipus.univ-grenoble-alpes.fr\/?page_id=27\"> <span class=\"screen-reader-text\">Bonnes Pratiques<\/span> Read More &raquo;<\/a><\/p>\n","protected":false},"author":1,"featured_media":0,"parent":0,"menu_order":0,"comment_status":"closed","ping_status":"closed","template":"","meta":{"footnotes":""},"class_list":["post-27","page","type-page","status-publish","hentry"],"_links":{"self":[{"href":"https:\/\/platipus.univ-grenoble-alpes.fr\/index.php?rest_route=\/wp\/v2\/pages\/27","targetHints":{"allow":["GET"]}}],"collection":[{"href":"https:\/\/platipus.univ-grenoble-alpes.fr\/index.php?rest_route=\/wp\/v2\/pages"}],"about":[{"href":"https:\/\/platipus.univ-grenoble-alpes.fr\/index.php?rest_route=\/wp\/v2\/types\/page"}],"author":[{"embeddable":true,"href":"https:\/\/platipus.univ-grenoble-alpes.fr\/index.php?rest_route=\/wp\/v2\/users\/1"}],"replies":[{"embeddable":true,"href":"https:\/\/platipus.univ-grenoble-alpes.fr\/index.php?rest_route=%2Fwp%2Fv2%2Fcomments&post=27"}],"version-history":[{"count":35,"href":"https:\/\/platipus.univ-grenoble-alpes.fr\/index.php?rest_route=\/wp\/v2\/pages\/27\/revisions"}],"predecessor-version":[{"id":3631,"href":"https:\/\/platipus.univ-grenoble-alpes.fr\/index.php?rest_route=\/wp\/v2\/pages\/27\/revisions\/3631"}],"wp:attachment":[{"href":"https:\/\/platipus.univ-grenoble-alpes.fr\/index.php?rest_route=%2Fwp%2Fv2%2Fmedia&parent=27"}],"curies":[{"name":"wp","href":"https:\/\/api.w.org\/{rel}","templated":true}]}}