{"id":2790,"date":"2024-09-11T10:06:37","date_gmt":"2024-09-11T08:06:37","guid":{"rendered":"https:\/\/platipus.univ-grenoble-alpes.fr\/?page_id=2790"},"modified":"2024-09-11T10:14:13","modified_gmt":"2024-09-11T08:14:13","slug":"keepass","status":"publish","type":"page","link":"https:\/\/platipus.univ-grenoble-alpes.fr\/?page_id=2790","title":{"rendered":"KeePass"},"content":{"rendered":"\n<table class=\"fiches\">\n\t<tr>\n\t\t<td class=\"fiches-marges\"><\/td>\n\t\t<td>\n\t\t\t<p>KeePass est un logiciel multiplateformes de gestion des mots de passe ayant obtenu n atestation de s\u00e9curit\u00e9 de 1er nivau de l\u2019ANSSI (Agence nationale de s\u00e9curit\u00e9 des syst\u00e8mes d\u2019information)<\/p>\n\t\t\t\n\t\t\t<details>\n\t\t\t<summary>Installation<\/summary>\n\t\t\t<div>\n\t\t\t\t<ul>\t\t\t\t\n\t\t\t\t\t<li><a href=\"https:\/\/keepass.info\/download.html\">T\u00e9l\u00e9chargez<\/a> le logiciel<\/li>\n\t\t\t\t\t<li>Lancez son installation (version windows) ou d\u00e9compressez le fichier (version  Portable). <br>Notez que la version portable peut-\u00eatre utilis\u00e9e sur tout support de stockage (Windows, Linux, clef USB, smartphones, etc.).<\/li>\n\t\t\t\t\t<li>Ouvrez le programme (KeePass.exe),<\/li>\n\t\t\t\t\t<li>Avec la version portable, pour changer la langue d&rsquo;usage, vous irez dans le menu <em>View \/ Change language<\/em> apr\u00e8s avoir ouvert le logiciel,<\/li>\n\t\t\t\t\t<li>R\u00e9glez vos pr\u00e9f\u00e9rences dans <em>Outils\/Options<\/em>, notamment si vous souhaitez des energistrements automatiques ou pas de vos saisies (onglet <em>avanc\u00e9<\/em>).<\/li>\n\t\t\t<\/div>\n\t\t\t<\/details>\n\t\t\t\n\t\t\t<details>\n\t\t\t<summary>Cr\u00e9ation d&rsquo;une base de donn\u00e9es de mots de passe<\/summary>\n\t\t\t<div>\n\t\t\t\t<ul>\t\t\t\t\n\t\t\t\t\t<li>Allez dans <em>Fichier \/ Nouveau<\/em>,<\/li>\n\t\t\t\t\t<li>D\u00e9finissez l\u2019emplacement et nom du fichier de BD (1). L&rsquo;extension des bases de donn\u00e9es KeePass est .kdbx.<li>\n\t\t\t\t\t<li>D\u00e9finissez le mot de passe maitre (2),<\/li>\n\t\t\t\t\t<li>D\u00e9finissez le nom de la BD et de l\u2019utilisateur (3),<\/li>\n\t\t\t\t\t<li>Imprimez la feuille de secours (4),<\/li>\n\t\t\t\t<\/ul>\n\t\t\t\t<img decoding=\"async\" src=\"https:\/\/platipus.univ-grenoble-alpes.fr\/wp-content\/uploads\/2024\/09\/Keepass1.png\" alt=\"Captures d'\u00e9cran pour la cr\u00e9ation d'une base de donn\u00e9es de mots de passe\"> \n\t\t\t<\/div>\n\t\t\t<\/details>\n\t\t\t\n\t\t\t<details>\n\t\t\t<summary>Organisez vos mots de passe<\/summary>\n\t\t\t<div>\n\t\t\t\t<ul>\t\t\t\t\n\t\t\t\t\t<li>Cr\u00e9ez des groupes de mots de passe (Groupe \/ Ajouter un groupe) (1)<\/li>\n\t\t\t\t\t<li>Ajoutez des entr\u00e9es (Entr\u00e9e \/ ajouter une entr\u00e9e) (2)<Li>\n\t\t\t\t\t<li>La clef jaune \u00e0 c\u00f4t\u00e9 du champ mot de passe permet la g\u00e9n\u00e9ration auto de mots de passe<\/li>\n\t\t\t\t<\/ul>\n\t\t\t\t<img decoding=\"async\" src=\"https:\/\/platipus.univ-grenoble-alpes.fr\/wp-content\/uploads\/2024\/09\/Keepass2.png\" alt=\"Capture d'\u00e9cran pour l'oganisation des mots de passe\">\n\t\t\t<\/div>\n\t\t\t<\/details>\n\t\t\t\n\t\t\t<details>\n\t\t\t<summary>Utilisation des mots de passe enregistr\u00e9s<\/summary>\n\t\t\t<div>\n\t\t\t\t<p><strong class=\"platipus\">M\u00e9thode 1<\/strong><\/p>\n\t\t\t\t<ul>\t\t\t\t\n\t\t\t\t\t<li>Ouvrir le site avec Keepas (clic droit sur l\u2019entr\u00e9e choisie\/Adresse URL\/ouvrir)<\/li>\n\t\t\t\t\t<li>Renseigner les identifiants automatiquement (clic droit sur l\u2019entr\u00e9e choisie \/ Accomplir la saisie automatique)<\/li>\n\t\t\t\t<\/ul>\n\t\t\t\t<p><strong class=\"platipus\">M\u00e9thode 2<\/strong><\/p>\n\t\t\t\t<ul>\t\t\t\t\n\t\t\t\t\t<li>Copier l\u2019url (clic droit sur l\u2019entr\u00e9e choisie\/Adresse URL\/copier)<\/li>\n\t\t\t\t\t<li>Ouvrir son site soi\u2013m\u00eame dans le navigateur<\/li>\n\t\t\t\t\t<li>Copier le nom de l\u2019utilisateur (clic droit sur l\u2019entr\u00e9e choisie \/ copier le nom d\u2019utilisateur)<\/li>\n\t\t\t\t\t<li>Coller le nom sur le site<\/li>\n\t\t\t\t\t<li>Idem pour le mot de passe<\/li>\n\t\t\t\t<\/ul>\n\t\t\t<\/div>\n\t\t\t<\/details>\n\t\t\t\n\t\t\t\n\t\t\t<details>\n\t\t\t<summary>Autres ressources<\/summary>\n\t\t\t<div>\n\t\t\t\t<ul>\t\t\t\t\n\t\t\t\t\t<li><a href=\"https:\/\/keepass.fr\/tutoriel-pour-keepass-le-guide-complet\/\">Guide complet de l&rsquo;\u00e9diteur<\/a><\/li>\n\t\t\t\t\t<li><a href=\"https:\/\/www.youtube.com\/watch?v=XTnDKJl1zOQ\">Tutoriel video de la CNIL<\/a><\/li>\n\t\t\t\t\t\n\t\t\t<\/ul>\n\n\t\t<\/td>\n\t\t<td class=\"fiches-marges\"><\/td>\n\t<\/tr>\n<\/table>\n\n","protected":false},"excerpt":{"rendered":"<p>KeePass est un logiciel multiplateformes de gestion des mots de passe ayant obtenu n atestation de s\u00e9curit\u00e9 de 1er nivau de l\u2019ANSSI (Agence nationale de s\u00e9curit\u00e9 des syst\u00e8mes d\u2019information) Installation T\u00e9l\u00e9chargez le logiciel Lancez son installation (version windows) ou d\u00e9compressez &hellip;<\/p>\n<p class=\"read-more\"> <a class=\"more-link\" href=\"https:\/\/platipus.univ-grenoble-alpes.fr\/?page_id=2790\"> <span class=\"screen-reader-text\">KeePass<\/span> Read More &raquo;<\/a><\/p>\n","protected":false},"author":1,"featured_media":0,"parent":0,"menu_order":0,"comment_status":"closed","ping_status":"closed","template":"","meta":{"footnotes":""},"class_list":["post-2790","page","type-page","status-publish","hentry"],"_links":{"self":[{"href":"https:\/\/platipus.univ-grenoble-alpes.fr\/index.php?rest_route=\/wp\/v2\/pages\/2790","targetHints":{"allow":["GET"]}}],"collection":[{"href":"https:\/\/platipus.univ-grenoble-alpes.fr\/index.php?rest_route=\/wp\/v2\/pages"}],"about":[{"href":"https:\/\/platipus.univ-grenoble-alpes.fr\/index.php?rest_route=\/wp\/v2\/types\/page"}],"author":[{"embeddable":true,"href":"https:\/\/platipus.univ-grenoble-alpes.fr\/index.php?rest_route=\/wp\/v2\/users\/1"}],"replies":[{"embeddable":true,"href":"https:\/\/platipus.univ-grenoble-alpes.fr\/index.php?rest_route=%2Fwp%2Fv2%2Fcomments&post=2790"}],"version-history":[{"count":3,"href":"https:\/\/platipus.univ-grenoble-alpes.fr\/index.php?rest_route=\/wp\/v2\/pages\/2790\/revisions"}],"predecessor-version":[{"id":2794,"href":"https:\/\/platipus.univ-grenoble-alpes.fr\/index.php?rest_route=\/wp\/v2\/pages\/2790\/revisions\/2794"}],"wp:attachment":[{"href":"https:\/\/platipus.univ-grenoble-alpes.fr\/index.php?rest_route=%2Fwp%2Fv2%2Fmedia&parent=2790"}],"curies":[{"name":"wp","href":"https:\/\/api.w.org\/{rel}","templated":true}]}}