{"id":2795,"date":"2024-09-11T10:39:04","date_gmt":"2024-09-11T08:39:04","guid":{"rendered":"https:\/\/platipus.univ-grenoble-alpes.fr\/?page_id=2795"},"modified":"2026-04-09T16:17:02","modified_gmt":"2026-04-09T14:17:02","slug":"fiches-pratiques","status":"publish","type":"page","link":"https:\/\/platipus.univ-grenoble-alpes.fr\/?page_id=2795","title":{"rendered":"Fiches pratiques"},"content":{"rendered":"\n<table class=\"platipus\">\n\t<tr class=\"ligneintro\"><td><\/td><td><\/td><\/tr>\n\t<tr>\n\t\t<td class=\"iconeintro\">\n\t\t\t<img decoding=\"async\" class=\"icones\" src=\"https:\/\/platipus.univ-grenoble-alpes.fr\/wp-content\/uploads\/2024\/08\/documentation.png\" width=\"100px\" alt=\"Icone Fiches\">\n\t\t<\/td>\n\t\t<td class=\"textintro\">\n\t\t\t<p class=\"intro\">Retrouvez ici les diff\u00e9rentes fiches pratiques que nous avons cr\u00e9\u00e9es pour vous. Ces fiches sont \u00e9galement accessibles \u00e0 partir de notre catalogue de ressources mat\u00e9rielles et logicielles.<\/p>\n\t\t<\/td>\n\t<\/tr>\n\t<tr class=\"ligneintro\"><td><\/td><td><\/td><\/tr>\n<tr>\n<\/table>\n\n<p class=\"maj\">Mis \u00e0 jour le 09\/04\/2026<\/p>\n\n<details>\n<summary>Notices mat\u00e9rielles<\/summary>\n<div>\n\t<p>Les notices mat\u00e9rielles sont des fiches destin\u00e9es \u00e0 vous guider au d\u00e9marrage de l&rsquo;utilisation de nos ressources. Pour une utilisation plus avanc\u00e9e, il vous faudra consulter les manuels constructeurs.<\/p>\n\t\n\t<p>Liste des fiches disponibles :<\/p>\n\t<ul>\n\t\t<li><a href=\"https:\/\/espaces-collaboratifs.grenet.fr\/share\/page\/site\/platipus-public\/document-details?nodeRef=workspace:\/\/SpacesStore\/d6897af1-f472-4e70-b964-66802f3032e2\">PowerLab &#8211; Capteur de pression sanguine MP100<\/a><\/li>\n\t\t<li><a href=\"https:\/\/espaces-collaboratifs.grenet.fr\/share\/page\/site\/platipus-public\/document-details?nodeRef=workspace:\/\/SpacesStore\/6392489e-0c76-48ee-86d4-ddb782414340\">PowerLab &#8211; Capteur de temp\u00e9rature MLT422-A<\/a><\/li>\n\t\t<li><a href=\"https:\/\/espaces-collaboratifs.grenet.fr\/share\/page\/site\/platipus-public\/document-details?nodeRef=workspace:\/\/SpacesStore\/a75f1e8e-fbe9-4ef2-b332-71452cde46a1\">PowerLab &#8211; Capteur respiratoire MLT1132<\/a><\/li>\n\t\t<li><a href=\"https:\/\/espaces-collaboratifs.grenet.fr\/share\/page\/site\/platipus-public\/document-details?nodeRef=workspace:\/\/SpacesStore\/67180249-5ec5-4ff0-aee7-0c0530f46810\">Techne &#8211; Cuve et ses accessoires<\/a><\/li>\n\t\t<li><a href=\"https:\/\/espaces-collaboratifs.grenet.fr\/share\/page\/site\/platipus-public\/document-details?nodeRef=workspace:\/\/SpacesStore\/8ade07a3-04db-459b-a01b-3cfa25587af6\">Jabra Speak 810<\/a><\/li>\n\t\t<li><a href=\"https:\/\/espaces-collaboratifs.grenet.fr\/share\/page\/site\/platipus-public\/document-details?nodeRef=workspace:\/\/SpacesStore\/d666b6c9-11eb-4c3b-9a72-0894a2fb1130\">Pupil Lab Neon<\/a><\/li>\n\t\t<li><a href=\"https:\/\/espaces-collaboratifs.grenet.fr\/share\/page\/site\/platipus-public\/document-details?nodeRef=workspace:\/\/SpacesStore\/dded4961-7efe-4cf2-8620-f3ce13cae734\">Playstation 4<\/a><\/li>\n\t\t<li><a href=\"https:\/\/espaces-collaboratifs.grenet.fr\/share\/page\/site\/platipus-public\/document-details?nodeRef=workspace:\/\/SpacesStore\/818e9115-dfb3-4383-832d-ab2e4010e6e6\">Polar Verity Sense<\/a><\/li>\n\t\t<li><a href=\"https:\/\/espaces-collaboratifs.grenet.fr\/share\/page\/site\/platipus-public\/document-details?nodeRef=workspace:\/\/SpacesStore\/d5ae28ef-3488-449b-bf7e-f079b22229ee\">Cam\u00e9ra Qoocam<\/a><\/li>\n\t\t<li><a href=\"https:\/\/espaces-collaboratifs.grenet.fr\/share\/page\/site\/platipus-public\/document-details?nodeRef=workspace:\/\/SpacesStore\/71c4a02a-c6de-4541-a048-a83b3712b9a8\">Sonde de calibration Calibrite Display Plus HL<\/a><\/li>\n\t\t<li><a href=\"https:\/\/espaces-collaboratifs.grenet.fr\/share\/page\/site\/platipus-public\/document-details?nodeRef=workspace:\/\/SpacesStore\/a7537072-2960-479d-83ec-bff116dabe80\">Tobii Glasses 2<\/a><\/li>\n\t\t<li><a href=\"https:\/\/espaces-collaboratifs.grenet.fr\/share\/page\/site\/platipus-public\/document-details?nodeRef=workspace:\/\/SpacesStore\/24249e63-2889-49c8-b6a0-4a4e05fee353\">Tobii Fusion 120<\/a><\/li>\n\t\t<li><a href=\"https:\/\/espaces-collaboratifs.grenet.fr\/share\/page\/site\/platipus-public\/document-details?nodeRef=workspace:\/\/SpacesStore\/4929604e-79da-43ce-b5f3-d2e9d0e62c3a\">Lime Survey<\/a><\/li>\n\t\t\n<\/div>\n<\/details>\n\n<details>\n<summary>Fiches sur la gestion des donn\u00e9es externalis\u00e9es chez \/ par les \u00e9diteurs<\/summary>\n<div>\n\t<p>Nous avons r\u00e9alis\u00e9 des fiches que nous intitulons \u00ab Fiches sur la gestion des donn\u00e9es \u00bb vous r\u00e9sumant l\u2019essentiel des conditions de gestion de vos donn\u00e9es chez nos fournisseurs. Ces fiches sont disponibles pour toutes nos ressources r\u00e9servables qui impliquent du stockage de donn\u00e9es \u00e0 l\u2019ext\u00e9rieur de l\u2019universit\u00e9.<\/p>\n\n\t<p>Les fiches ont \u00e9t\u00e9 relues par la DPO qui y a \u00e9galement ajout\u00e9 ses propres recommandations.<\/p>\n\n\t<p>Les fiches ont aussi une r\u00e9f\u00e9rence que vous pouvez mentionner dans vos demandes d\u2019instruction d\u2019un traitement de donn\u00e9es personnelles. <\/p>\n\t\n\t<p>Liste des fiches disponibles :<\/p>\n\t<ul>\n\t\t<li><a href=\"https:\/\/espaces-collaboratifs.grenet.fr\/share\/page\/site\/platipus-public\/document-details?nodeRef=workspace:\/\/SpacesStore\/e648bd91-405a-447c-960a-c9d91e92ad7d\">Platipus-GDP-01 &#8211; Hololens<\/a><\/li>\n\t\t<li><a href=\"https:\/\/espaces-collaboratifs.grenet.fr\/share\/page\/site\/platipus-public\/document-details?nodeRef=workspace:\/\/SpacesStore\/e401b97e-4fe7-4631-9e39-6692292627b1\">Platipus-GDP-02 &#8211; Inquisit Web<\/a><\/li>\n\t\t<!--<li><a href=\"https:\/\/espaces-collaboratifs.grenet.fr\/share\/page\/site\/platipus-public\/document-details?nodeRef=workspace:\/\/SpacesStore\/0b836ca0-eb10-4644-a4f5-2cff5386bc36\">Platipus-GDP-03 - Lime Survey Cloud<\/a><\/li>\n\t\t<!--<li><a href=\"https:\/\/espaces-collaboratifs.grenet.fr\/share\/page\/site\/platipus-public\/document-details?nodeRef=workspace:\/\/SpacesStore\/508be368-ba76-46d2-ac69-72cf9697e3ff\">Platipus-GDP-04 - MindProbe<\/a><\/li>-->\n\t\t<li><a href=\"https:\/\/espaces-collaboratifs.grenet.fr\/share\/page\/site\/platipus-public\/document-details?nodeRef=workspace:\/\/SpacesStore\/f00f3de9-63ba-4ec5-b51f-e35c91ef58e4\">Platipus-GDP-05 &#8211; Pavlovia<\/a><\/li>\n\t\t<li><a href=\"https:\/\/espaces-collaboratifs.grenet.fr\/share\/page\/site\/platipus-public\/document-details?nodeRef=workspace:\/\/SpacesStore\/b2a9630d-5c7d-4eb4-b413-0ad05066fa2f\">Platipus-GDP-06 &#8211; Polar Verity Sense et H9<\/a><\/li>\n\t\t<li><a href=\"https:\/\/espaces-collaboratifs.grenet.fr\/share\/page\/site\/platipus-public\/document-details?nodeRef=workspace:\/\/SpacesStore\/7513ffdd-1ebb-4197-a2f6-69a85f069af9\">Platipus-GDP-07 &#8211; Pozyx<\/a><\/li>\n\t\t<li><a href=\"https:\/\/espaces-collaboratifs.grenet.fr\/share\/page\/site\/platipus-public\/document-details?nodeRef=workspace:\/\/SpacesStore\/cc867ead-d10a-401a-a004-1b6e1468ad25\">Platipus-GDP-08 &#8211; Playstation Network<\/a><\/li>\n\t\t<li><a href=\"https:\/\/espaces-collaboratifs.grenet.fr\/share\/page\/site\/platipus-public\/document-details?nodeRef=workspace:\/\/SpacesStore\/989ac01c-993d-4581-a177-91935fa4aad1\">Platipus-GDP-09 &#8211; Qualtrics<\/a><\/li>\n\t\t<li><a href=\"https:\/\/espaces-collaboratifs.grenet.fr\/share\/page\/site\/platipus-public\/document-details?nodeRef=workspace:\/\/SpacesStore\/4296b2ca-9056-4008-955e-242953321eca\">Platipus-GDP-10 &#8211; STEAM<\/a><\/li>\n\t\t<li><a href=\"https:\/\/espaces-collaboratifs.grenet.fr\/share\/page\/site\/platipus-public\/document-details?nodeRef=workspace:\/\/SpacesStore\/8b7eac67-176d-4bc8-967f-39e5862babe5\">Platipus-GDP-11 &#8211; Varjo XR3<\/a><\/li>\n\t<\/ul>\n<\/div>\n<\/details>\n\n","protected":false},"excerpt":{"rendered":"<p>Retrouvez ici les diff\u00e9rentes fiches pratiques que nous avons cr\u00e9\u00e9es pour vous. Ces fiches sont \u00e9galement accessibles \u00e0 partir de notre catalogue de ressources mat\u00e9rielles et logicielles. Mis \u00e0 jour le 09\/04\/2026 Notices mat\u00e9rielles Les notices mat\u00e9rielles sont des fiches &hellip;<\/p>\n<p class=\"read-more\"> <a class=\"more-link\" href=\"https:\/\/platipus.univ-grenoble-alpes.fr\/?page_id=2795\"> <span class=\"screen-reader-text\">Fiches pratiques<\/span> Read More &raquo;<\/a><\/p>\n","protected":false},"author":1,"featured_media":0,"parent":0,"menu_order":0,"comment_status":"closed","ping_status":"closed","template":"","meta":{"footnotes":""},"class_list":["post-2795","page","type-page","status-publish","hentry"],"_links":{"self":[{"href":"https:\/\/platipus.univ-grenoble-alpes.fr\/index.php?rest_route=\/wp\/v2\/pages\/2795","targetHints":{"allow":["GET"]}}],"collection":[{"href":"https:\/\/platipus.univ-grenoble-alpes.fr\/index.php?rest_route=\/wp\/v2\/pages"}],"about":[{"href":"https:\/\/platipus.univ-grenoble-alpes.fr\/index.php?rest_route=\/wp\/v2\/types\/page"}],"author":[{"embeddable":true,"href":"https:\/\/platipus.univ-grenoble-alpes.fr\/index.php?rest_route=\/wp\/v2\/users\/1"}],"replies":[{"embeddable":true,"href":"https:\/\/platipus.univ-grenoble-alpes.fr\/index.php?rest_route=%2Fwp%2Fv2%2Fcomments&post=2795"}],"version-history":[{"count":15,"href":"https:\/\/platipus.univ-grenoble-alpes.fr\/index.php?rest_route=\/wp\/v2\/pages\/2795\/revisions"}],"predecessor-version":[{"id":3833,"href":"https:\/\/platipus.univ-grenoble-alpes.fr\/index.php?rest_route=\/wp\/v2\/pages\/2795\/revisions\/3833"}],"wp:attachment":[{"href":"https:\/\/platipus.univ-grenoble-alpes.fr\/index.php?rest_route=%2Fwp%2Fv2%2Fmedia&parent=2795"}],"curies":[{"name":"wp","href":"https:\/\/api.w.org\/{rel}","templated":true}]}}