{"id":31,"date":"2024-07-15T11:48:45","date_gmt":"2024-07-15T09:48:45","guid":{"rendered":"https:\/\/platipus.msh-alpes.fr\/?page_id=31"},"modified":"2026-03-25T10:59:52","modified_gmt":"2026-03-25T09:59:52","slug":"ressources-exterieures","status":"publish","type":"page","link":"https:\/\/platipus.univ-grenoble-alpes.fr\/?page_id=31","title":{"rendered":"Ressources ext\u00e9rieures"},"content":{"rendered":"\n<table class=\"platipus\">\n\t<tr class=\"ligneintro\"><td><\/td><td><\/td><\/tr>\n\t<tr>\n\t\t<td class=\"iconeintro\">\n\t\t\t<img decoding=\"async\" class=\"icones\" src=\"https:\/\/platipus.univ-grenoble-alpes.fr\/wp-content\/uploads\/2024\/08\/a-lexterieur.png\" alt=\"icone ressources exterieures\">\n\t\t<\/td>\n\t\t<td class=\"textintro\">\n\t\t\t<p class=\"intro\">Cette rubrique recense diff\u00e9rents services et plateformes susceptibles de r\u00e9pondre \u00e0 des besoins non couverts par PLATIPUS.<\/p>\n\t\t<\/td>\n\t<\/tr>\n\t<tr class=\"ligneintro\"><td><\/td><td><\/td><\/tr>\n<tr>\n<\/table>\n\n<p class=\"maj\">Mis \u00e0 jour le 25\/03\/2026<\/p>\n\n<details>\n<summary>Trouver d&rsquo;autres ressources num\u00e9riques<\/summary>\n<div>\n\t<table>\n\t\t\n\t\t\n\t\t<tr>\n\t\t\t<td class=\"iconeintro\">\n\t\t\t\t<img decoding=\"async\" src=\"https:\/\/platipus.univ-grenoble-alpes.fr\/wp-content\/uploads\/2023\/08\/Humanum.jpg\" alt=\"Logo Humanum\"\/>\n\t\t\t<\/td>\n\t\t\t<td>\n\t\t\t\t<p><strong class=\"platipus\">Humanum<\/strong><\/p>\n\t\t\t\t<p><a href=\"https:\/\/www.huma-num.fr\/\" target=\"_blank\">Humanum<\/a> est une infrastructure du Minist\u00e8re de l\u2019enseignement sup\u00e9rieur qui met \u00e0 disposition des services num\u00e9riques pour l&rsquo;organisation, collecte, traitement, pr\u00e9servation, publication et r\u00e9utilisation des donn\u00e9es (Sharedocs, gitlab, Nakala, Isidore, etc.) aupr\u00e8s des chercheurs.<\/p>\n\t\t\t<\/td>\n\t\t<\/tr>\n\t\t<tr>\n\t\t\t<td class=\"iconeintro\">\n\t\t\t\t<img decoding=\"async\" src=\"https:\/\/platipus.univ-grenoble-alpes.fr\/wp-content\/uploads\/2023\/08\/GRICAD.jpg\" alt=\"Logo GRICAD\"\/>\n\t\t\t<\/td>\n\t\t\t<td>\n\t\t\t\t<p><strong class=\"platipus\">GRICAD<\/strong><\/p>\n\t\t\t\t<p>Le <a href=\"https:\/\/gricad.univ-grenoble-alpes.fr\/index.html\" target=\"_blank\">GRICAD<\/a> est une infrastructure de calcul intensif et de donn\u00e9es. Il peut vous permettre d&rsquo;acc\u00e9der \u00e0 des plateformes de calcul, de grille, de cloud, de notebooks et de stockage.<\/p>\n\t\t\t<\/td>\n\t\t<\/tr>\n\t\t<tr>\n\t\t\t<td class=\"iconeintro\">\n\t\t\t\t<img decoding=\"async\" src=\"https:\/\/platipus.univ-grenoble-alpes.fr\/wp-content\/uploads\/2022\/03\/FabMSTIC.jpg\" alt=\"FabLab\"\/>\n\t\t\t<\/td>\n\t\t\t<td>\n\t\t\t\t<p><strong class=\"platipus\">FabMSTIC<\/strong><\/p>\n\t\t\t\t<p>Pr\u00e8s de la piscine du campus, retrouvez le FabLab de l&rsquo;UGA d\u00e9nomm\u00e9 <a href=\"https:\/\/fabmastic.imag.fr\/\" target=\"_blank\">FabMSTIC<\/a>. Vous pouvez y fabriquer des objets avec l&rsquo;imprimante 3D, la d\u00e9coupeuse laser, etc. mais aussi effectuer des r\u00e9parations.<\/p>\n\t\t\t\t<p>Le Fablab met aussi \u00e0 votre disposition un <a href=\"https:\/\/matos.univ-grenoble-alpes.fr\/#\/\" target=\"_blank\">site web de pr\u00eat mutualis\u00e9 inter-laboratoires<\/a>.<\/p>\n\t\t\t<\/td>\n\t\t<\/tr>\n\t<\/table>\n<\/div>\n<\/details>\n\n<details>\n<summary>Trouver d&rsquo;autres bases de volontaires<\/summary>\n<div>\n\t<table>\n\t\t<tr>\n\t\t\t<td class=\"iconeintro\">\n\t\t\t\t<img decoding=\"async\" src=\"https:\/\/platipus.univ-grenoble-alpes.fr\/wp-content\/uploads\/2024\/08\/Logo-RISC.png\" alt=\"Logo  RISC\">\n\t\t\t<\/td>\n\t\t\t<td>\n\t\t\t\t<p><strong class=\"platipus\">Exp\u00e9riences<\/strong><\/p>\n\t\t\t\t<p><a href=\"https:\/\/expesciences.risc.cnrs.fr\/chercheur\/formulaire_expe.php\" target=\"_blank\">Exp\u00e9sciences<\/a> est une base nationale du <a href=\"http:\/\/www.risc.cnrs.fr\/\" target=\"_blank\">Relais d\u2019Informations en Sciences de la Cognition (RISC)<\/a>. Appel gratuit, indemnisation des participants facultative.<\/p>\n\t\t\t<\/td>\n\t\t<\/tr>\n\t\t<tr>\n\t\t\t<td class=\"iconeintro\">\n\t\t\t\t<img decoding=\"async\" src=\"https:\/\/platipus.univ-grenoble-alpes.fr\/wp-content\/uploads\/2024\/08\/Logo-PupilLab.jpg\" alt=\"Logo PupilLab\">\n\t\t\t<\/td>\n\t\t\t<td>\n\t\t\t\t<p><strong class=\"platipus\">Pupil Lab<\/strong><\/p>\n\t\t\t\t<p>La base du <a href=\"https:\/\/enquetes-screen.msh-alpes.fr\/index.php\/846737?lang=fr\" target=\"_blank\">Pupil Lab<\/a> a \u00e9t\u00e9 mise en place par le <a href=\"https:\/\/www.polepilote-pegase.fr\/\" target=\"_blank\">P\u00f4le Pegase <\/a>de l&rsquo;UGA pour des exp\u00e9rimentations aupr\u00e8s d&rsquo;enfants de 3 \u00e0 17 ans.<\/p>\n\t\t\t<\/td>\n\t\t<\/tr>\n\t\t<tr>\n\t\t\t<td class=\"iconeintro\">\n\t\t\t\t<img decoding=\"async\" src=\"https:\/\/platipus.univ-grenoble-alpes.fr\/wp-content\/uploads\/2024\/08\/logo-bbl.png\" alt=\"Logo Baby lab\">\n\t\t\t<\/td>\n\t\t\t<td>\n\t\t\t\t<p><strong class=\"platipus\">Baby Lab<\/strong><\/p>\n\t\t\t\t<p>La base du <a href=\"https:\/\/lpnc.univ-grenoble-alpes.fr\/fr\/babylab\" target=\"_blank\">Baby Lab<\/a> concerne des enfants entre 0 et 3 ans. Elle est g\u00e9r\u00e9e au sein du <a href=\"https:\/\/lpnc.univ-grenoble-alpes.fr\" target=\"_blank\">LPNC<\/a>.<\/p>\n\t\t\t<\/td>\n\t\t<\/tr>\n\t<\/table>\n<\/div>\n<\/details>\n\n<details>\n<summary>Trouver des ressources pour la collecte de donn\u00e9es<\/summary>\n<div>\n\t<table>\n\t\t<tr>\n\t\t\t<td class=\"iconeintro\">\n\t\t\t\t<img decoding=\"async\" src=\"https:\/\/platipus.univ-grenoble-alpes.fr\/wp-content\/uploads\/2023\/08\/progedo.png\" alt=\"Logo PROGEDO\"\/>\n\t\t\t<\/td>\n\t\t\t<td>\n\t\t\t\t<p><strong class=\"platipus\">Progedo<\/strong><\/p>\n\t\t\t\t<p><a href=\"https:\/\/www.progedo.fr\/\" target=\"_blank\">PROGEDO<\/a> poursuit l&rsquo;objectif de d\u00e9velopper la culture des donn\u00e9es, d\u2019impulser et structurer une politique dans la r\u00e9alisation d\u2019enqu\u00eates pour la recherche en sciences sociales.<\/p>\n\t\t\t\t<p>PROGEDO dispose de plusieurs plateformes universitaire de donn\u00e9es (PUD). L&rsquo;une d&rsquo;elles se situe \u00e0 la <a href=\"https:\/\/www.msh-alpes.fr\/plateformes\/pud-ga\" target=\"_blank\">MSH-Alpes<\/a> de Grenoble.<\/p>\n\t\t\t<\/td>\n\t\t<\/tr>\n\t\t<tr>\n\t\t\t<td class=\"iconeintro\">\n\t\t\t\t<img decoding=\"async\" src=\"https:\/\/platipus.univ-grenoble-alpes.fr\/wp-content\/uploads\/2021\/10\/index.jpg\" alt=\"Logo BU UGA\"\/>\n\t\t\t<\/td>\n\t\t\t<td>\n\t\t\t\t<p><strong class=\"platipus\">Testoth\u00e8que<\/strong><\/p>\n\t\t\t\t<p>La <a href=\"https:\/\/bibliotheques.univ-grenoble-alpes.fr\/bibliotheques\/bibliotheque-universitaire-droit-et-lettres-39984.kjsp\" target=\"_blank\">BU droit-lettres<\/a> de l&rsquo;UGA dispose d\u2019une <a href=\t\"https:\/\/bibliotheques.univ-grenoble-alpes.fr\/collections\/collections-specifiques\/testotheque\/testotheque-185037.kjsp\" target=\"_blank\">testoth\u00e8que de psychologie<\/a> proposant plus de 80 tests en pr\u00eat pour les \u00e9tudiants et personnels universitaire de Grenoble.<\/p>\n\t\t\t<\/td>\n\t\t<\/tr>\n\t<\/table>\n<\/div>\n<\/details>\n\n<details>\n<summary>Les plateformes locales<\/summary>\n<div>\n\t<table>\n\t\t<tr>\n\t\t\t<td class=\"iconeintro\">\n\t\t\t\t<img decoding=\"async\" src=\"https:\/\/scienceouverte.univ-grenoble-alpes.fr\/wp-content\/uploads\/2021\/10\/2021-10-18_Logo-Menu_Science-ouverte_final_72dpi.jpg\" alt=\"Logo Science ouverte\"\/ width=\"100%\">\n\t\t\t<\/td>\n\t\t\t<td>\n\t\t\t\t<p><strong class=\"platipus\">Science ouverte &#8211; UGA<\/strong><\/p>\n\t\t\t\t<p>Le service \u00ab\u00a0<a href=\"https:\/\/scienceouverte.univ-grenoble-alpes.fr\/\" target=\"_blank\">Science ouverte <\/a>\u00a0\u00bb de l&rsquo;UGA guide ses chercheurs dans les bonnes pratiques dans le domaine.\n\t\t\t\tIl se compose :\n\t\t\t\t<ul>\n\t\t\t\t<li>de l&rsquo;<a href=\"https:\/\/ospo-uga.sciencesconf.org\/\" target=\"_blank\">\u00e9quipe OSPO<\/a> en charge du programme du m\u00eame nom. L&rsquo;OSPO permet de valoriser les applications \/ codes open sources issus de la communaut\u00e9 scientifique. <\/li>\n\t\t\t\t<li>de l&rsquo;<a href=\"https:\/\/scienceouverte.univ-grenoble-alpes.fr\/donnees\/accompagner\/\">\u00e9quipe atelier de la donn\u00e9es<\/a> qui permet de faciliter la r\u00e9alisation totale ou partielle d&rsquo;un plan de gestion des donn\u00e9es.<Li>\n\t\t\t\t<li>de l&rsquo;<a href=\"https:\/\/scienceouverte.univ-grenoble-alpes.fr\/publications\/accompagner\/\">\u00e9quipe HAL<\/a> qui r\u00e9pond aux questions sur l&rsquo;application de recensement des publications<\/li>\n\t\t\t\t<\/ul>\n\t\t\t\t\n\t\t\t\tSur le site, vous pouvez \u00e9galement retrouver :\n\t\t\t\t<ul>\n\t\t\t\t<li>la liste des <a href=\"https:\/\/scienceouverte.univ-grenoble-alpes.fr\/codes-et-logiciels\/\">ressources disponibles<\/a><\/li>\n\t\t\t\t<li>la liste des <a href=\"https:\/\/scienceouverte.univ-grenoble-alpes.fr\/aides-et-ressources\/floss-uga\/\">logiciels libres<\/a> d\u00e9velopp\u00e9s \u00e0 l&rsquo;UGA<\/li>\n\t\t\t\t<\/ul>\n\t\t\t\t<\/p>\n\t\t\t<\/td>\n\t\t<\/tr>\n\t\t<tr>\n\t\t\t<td class=\"iconeintro\">\n\t\t\t\t<img decoding=\"async\" src=\"https:\/\/platipus.univ-grenoble-alpes.fr\/wp-content\/uploads\/2024\/08\/Logo-PupilLab.jpg\" alt=\"Logo PupilLab\"\/>\n\t\t\t<\/td>\n\t\t\t<td>\n\t\t\t\t<p><strong class=\"platipus\">Pupil Lab<\/strong><\/p>\n\t\t\t\t<p>Le P\u00f4le P\u00e9gase, PIA3 port\u00e9 par l&rsquo;UGA, a cr\u00e9\u00e9 le <a href=\"https:\/\/www.polepilote-pegase.fr\/recherche\/r-d-collaborative\/pupil-lab-grenoble\/\" target=\"_blank\">PupilLab<\/a>, une plateforme de recherche sp\u00e9cialement con\u00e7ue pour l\u2019accueil d\u2019enfants et d\u2019adolescents de 3 \u00e0 17 ans. Situ\u00e9 sur le campus de l\u2019Universit\u00e9 Grenoble Alpes, \u00e0 la MaCI, il permet aux chercheurs travaillant sur l\u2019\u00e9ducation, les apprentissages et le d\u00e9veloppement des enfants, de mener leurs recherches dans un lieu d\u00e9di\u00e9.<\/p>\n\t\t\t<\/td>\n\t\t<\/tr>\n\t\t<tr>\n\t\t\t<td class=\"iconeintro\">\n\t\t\t\t<img decoding=\"async\" src=\"https:\/\/avatars.githubusercontent.com\/u\/42806296?s=200&amp;v=4\" alt=\"Logo GIPSA-Lab\"\/>\n\t\t\t<\/td>\n\t\t\t<td>\n\t\t\t\t<p><strong class=\"platipus\">Human Data<\/strong><\/p>\n\t\t\t\t<p>La plateforme <a href=\"https:\/\/www.gipsa-lab.grenoble-inp.fr\/recherche\/plateformes\/human-data\" target=\"_blank\">Human Data<\/a> du Gipsa-Lab se d\u00e9compose en 6 plateaux<\/p>\n\t\t\t\t<ul>\n\t\t\t\t\t<li><a href=\"https:\/\/www.gipsa-lab.grenoble-inp.fr\/recherche\/plateau-technique\/anecho\" target=\"_blank\">ANECHO<\/a> : permet de reproduire dans un espace tr\u00e8s peu r\u00e9verb\u00e9rant les conditions d&rsquo;une diffusion en champ libre et sans \u00e9cho<\/li>\n\t\t\t\t\t<li><a href=\"https:\/\/www.gipsa-lab.grenoble-inp.fr\/recherche\/plateau-technique\/biomeca\" target=\"_blank\">BIOMECA<\/a> : permet de caract\u00e9riser les contraintes biophysiques de l&rsquo;humain en mouvement \u00e0 partir de l&rsquo;enregistrement des donn\u00e9es p\u00e9riph\u00e9riques du geste (force et mouvement)<\/li>\n\t\t\t\t\t<li><a href=\"https:\/\/www.gipsa-lab.grenoble-inp.fr\/recherche\/plateau-technique\/geolinguistique-ethnolinguistique\">Dialectologie &amp; Ethnolinguistique<\/a> : d\u00e9di\u00e9 \u00e0 la recherche et \u00e0 l&rsquo;enseignement de la g\u00e9olinguistique et de la linguistique de terrain. Il est utilis\u00e9 par l&rsquo;\u00e9quipe \u00ab\u00a0Voix, Syst\u00e8mes linguistiques du d\u00e9partement Parole et Cognition<\/li>\n\t\t\t\t\t<li><a href=\"https:\/\/www.gipsa-lab.grenoble-inp.fr\/recherche\/plateau-technique\/mical\" target=\"_blank\">MICAL<\/a> : une plateforme du GIPSA-Lab de d\u00e9di\u00e9e \u00e0 l&rsquo;enregistrement et l&rsquo;\u00e9tude de l&rsquo;interaction face-\u00e0-face. Elle utilise notamment le couplage robot humano\u00efde et r\u00e9alit\u00e9 virtuelle dans de la t\u00e9l\u00e9op\u00e9ration immersive.<\/li>\n\t\t\t\t\t<li><a href=\"https:\/\/www.gipsa-lab.grenoble-inp.fr\/recherche\/plateau-technique\/musa\" target=\"_blank\">MUSA<\/a> : permet l&rsquo;enregistrement de donn\u00e9es de production de parole multimodales <em>in vivo <\/em>dans les conditions acoustiques optimales d&rsquo;une chambre semi-an\u00e9cho\u00efque de 15 m<sup>2<\/sup><\/li>\n\t\t\t\t\t<li><a href=\"https:\/\/www.gipsa-lab.grenoble-inp.fr\/recherche\/plateau-technique\/persee\" target=\"_blank\">PERSEE<\/a> : permet l&rsquo;acquisition et l&rsquo;analyse de signaux oculom\u00e9triques et EEG<\/li>\n\t\t\t\t<\/ul>\n\t\t\t\t<p>Et retrouvez ici, les <a href=\"https:\/\/www.gipsa-lab.grenoble-inp.fr\/recherche\/plateformes\">autres plateformes du GIPSA-Lab <\/a>: Automatique avanc\u00e9e, Enseignement, Mesures avance\u00e9e et Robotique<\/p>\n\t\t\t<\/td>\n\t\t<\/tr>\n\t\t<tr>\n\t\t\t<td class=\"iconeintro\">\n\t\t\t\t<img decoding=\"async\" src=\"https:\/\/platipus.univ-grenoble-alpes.fr\/wp-content\/uploads\/2022\/04\/Kinovis.png\" alt=\"Logo Kinovis\"\/>\n\t\t\t<\/td>\n\t\t\t<td>\n\t\t\t\t<p><strong class=\"platipus\">Kinovis<\/strong><\/p>\n\t\t\t\t<p><a href=\"http:\/\/kinovis.inria.fr\/\" target=\"_blank\">Kinovis<\/a> est la plateforme UGA-INRIA de mod\u00e9lisaton 4D. Elle permet de mod\u00e9liser des objets ou personnes en mouvement pour en \u00e9tudier les mouvements ou les int\u00e9grer dans un environnement virtuel.<\/p>\n\t\t\t<\/td>\n\t\t<\/tr>\n\t\t<tr>\n\t\t\t<td class=\"iconeintro\">\n\t\t\t\t<img decoding=\"async\" src=\"https:\/\/platipus.univ-grenoble-alpes.fr\/wp-content\/uploads\/2023\/08\/S-mart-logo.png\" alt=\"Logo S.mart\"\/>\n\t\t\t<\/td>\n\t\t\t<td>\n\t\t\t\t<p><strong class=\"platipus\">S-MART<\/strong><\/p>\n\t\t\t\t<p><a href=\"https:\/\/s-mart.grenoble-inp.fr\/fr\/s-mart-grenoble-alpes?RH=1570622223815\" target=\"_blank\">S.mart<\/a> est l&rsquo;un des p\u00f4les du GRAND INSTRUMENT scientifique fran\u00e7ais de l&rsquo;industrie 4.0. Il contient \u00e0 lui seul 5 plateformes technologiques :<\/p>\n\t\t\t\t\n\t\t\t\t<ul>\n\t\t\t\t\t<li><a href=\"https:\/\/s-mart.grenoble-inp.fr\/fr\/production\/automatisation-robotique-1\" target=\"_blank\">CIM<\/a> : pour l&rsquo;automatisation et la robotique industrielle<\/li>\n\t\t\t\t\t<li><a href=\"https:\/\/genie-industriel.grenoble-inp.fr\/fr\/recherche\/plateforme-technologique\" target=\"_blank\">GINOVA<\/a> : pour la r\u00e9alisation de prototypes, l&rsquo;analyse environnementale de produits, l&rsquo;ing\u00e9ni\u00e9rie collaborative. Elle dispose d&rsquo;\u00e9quipements de VR, de r\u00e9troconception, de CAO, de simulation num\u00e9rique, de gestion de donn\u00e9es techniques et de flux physiques.<\/li>\n\t\t\t\t\t<li><a href=\"https:\/\/s-mart.grenoble-inp.fr\/fr\/actualites\/cellule-de-tournage-robotisee&quot;\" target=\"_blank\">MOCN<\/a> : usinage, production, fraisage, tournage, m\u00e9trologie, etc.<\/li>\n\t\t\t\t\t<li>TRICHOLOME<\/li>\n\t\t\t\t\t<li>CFAO-MOCN-Annecy<\/li>\n\t\t\t\t<\/ul>\n\t\t\t<\/td>\n\t\t<\/tr>\n\t\t<tr>\n\t\t\t<td class=\"iconeintro\">\n\t\t\t\t<img decoding=\"async\" src=\"https:\/\/g-scop.grenoble-inp.fr\/uas\/alias64\/LOGO\/logo+G-SCOP.png\" alt=\"Logo G-Scop\"\/>\n\t\t\t<\/td>\n\t\t\t<td>\n\t\t\t\t<p><strong class=\"platipus\">G-SCOP<\/strong><\/p>\n\t\t\t\t<p><a href=\"https:\/\/g-scop.grenoble-inp.fr\/\" target=\"_blank\">G-SCOP<\/a> dispose de 3 plateformes que sont :<\/p>\n\t\t\t\t\n\t\t\t\t<ul>\n\t\t\t\t\t<li><a href=\"https:\/\/g-scop.grenoble-inp.fr\/fr\/equipements\/la-plateforme-vision-r\" target=\"_blank\">Vision-R<\/a> : pour la r\u00e9alit\u00e9 virtuelle et augment\u00e9e<\/li>\n\t\t\t\t\t<li><a href=\"https:\/\/g-scop.grenoble-inp.fr\/fr\/equipements\/operations-management\" target=\"_blank\">Operations management<\/a> : orient\u00e9 g\u00e9nie industriel, elle intervient sur l&rsquo;organisation logistique d&rsquo;un atelier, l&rsquo;ergonomie d&rsquo;un poste de travail, les zones de stockage, etc.<\/li>\n\t\t\t\t\t<li><a href=\"https:\/\/g-scop.grenoble-inp.fr\/fr\/equipements\/fabrication-additive\" target=\"_blank\">FABADD<\/a> : pour la fabrication additive m\u00e9tallique.<\/li>\n\t\t\t\t<\/ul>\t\t\t\t\t\t\n\t\t\t<\/td>\n\t\t<\/tr>\n\t\t<tr>\n\t\t\t<td class=\"iconeintro\">\n\t\t\t\t<img decoding=\"async\" src=\"https:\/\/platipus.univ-grenoble-alpes.fr\/wp-content\/uploads\/2022\/07\/Logo_RAFU.jpg\" alt=\"logo du RAFU\"\/>\n\t\t\t<\/td>\n\t\t\t<td>\t\n\t\t\t\t<p><strong class=\"platipus\">RAFU<\/strong><\/p>\n\t\t\t\t<p>Le <a href=\"https:\/\/rafu.univ-grenoble-alpes.fr\/\" target=\"_blank\">RAFU<\/a> est le r\u00e9seau des ateliers de fabrication universitaire de l&rsquo;UGA. Vous retrouverez sur leur site une partie des plateformes sus-cit\u00e9es et bien d&rsquo;autres.<\/p>\n\t\t\t<\/td>\n\t\t<\/tr>\n\t\t<tr>\n\t\t\t<td class=\"iconeintro\">\n\t\t\t\t<img decoding=\"async\" src=\"https:\/\/platipus.univ-grenoble-alpes.fr\/wp-content\/uploads\/2023\/08\/IRMAGE.png\" alt=\"Logo IRMAGE\"\/>\n\t\t\t<\/td>\n\t\t\t<td>\n\t\t\t\t<p><strong class=\"platipus\">IRMAGE<\/strong><\/p>\n\t\t\t\t<p><a href=\"https:\/\/irmage.univ-grenoble-alpes.fr\/\" target=\"_blank\">IRMAGE<\/a> est une plateforme qui permet d&rsquo;explorer le vivant via les techniques :<\/p>\n\t\t\t\t<ul>\n\t\t\t\t\t<li>d&rsquo;Imagerie par R\u00e9sonance Magn\u00e9tique (IRM),<\/li>\n\t\t\t\t\t<li>d&rsquo;Electro-Enc\u00e9phalogramme (EEG),<\/li>\n\t\t\t\t\t<li>Stimulation Magn\u00e9tique Transcr\u00e2nienne (TMS)<\/li>\n\t\t\t\t\t<li>de Spectroscopie Proche Infra Rouge (NIRS)<\/li>\n\t\t\t\t<\/ul>\n\t\t\t\t<p>Elle permet aussi les exp\u00e9riences M\u00e9tabolomique par RMN.<\/p>\n\t\t\t\t<p>D&rsquo;autres plateformes existent au <a href=\"https:\/\/neurosciences.univ-grenoble-alpes.fr\/fr\" target=\"_blank\">GIN<\/a> : PIC-GIN, Microscopie \u00e9lectronique, Exp\u00e9rimentation in-vivo, Comportement<\/p>\n\t\t\t<\/td>\n\t\t<\/tr>\n\t\t<tr>\n\t\t\t<td class=\"iconeintro\">\n\t\t\t\t<img decoding=\"async\" src=\"https:\/\/www.elan-numerique.fr\/img\/logo_littarts.png\" alt=\"Logo Litt&amp;Arts\"\/>\n\t\t\t<\/td>\n\t\t\t<td>\n\t\t\t\t<p><strong class=\"platipus\">ELAN<\/strong><\/p>\n\t\t\t\t<p><a href=\"https:\/\/www.elan-numerique.fr\/\" target=\"_blank\">ELAN<\/a> a \u00e9t\u00e9 cr\u00e9\u00e9e en d\u00e9cembre 2017. Elle accompagne les membres de l&rsquo;UMR Litt&amp;Arts et participe \u00e0 un large ensemble de projets, sur leurs aspects Humanit\u00e9s Num\u00e9riques.<br \/>Elle d\u00e9veloppe et met \u00e0 disposition des outils, m\u00e9thodes et techniques transversales : num\u00e9risation, transcription, annotation, mod\u00e9lisation, diffusion, exploitation de corpus vari\u00e9s en litt\u00e9rature et arts du spectacle.<\/p>\n\t\t\t<\/td>\n\t\t<\/tr>\n\t\t<tr>\n\t\t\t<td class=\"iconeintro\">\n\t\t\t\t<img decoding=\"async\" src=\"https:\/\/maci.univ-grenoble-alpes.fr\/sites\/default\/files\/theme\/logo-maci_0.svg\" alt=\"Logo de la MACI\"\/>\n\t\t\t<\/td>\n\t\t\t<td>\n\t\t\t\t<p><strong class=\"platipus\">Plateformes de la MACI<\/strong><\/p>\n\t\t\t\t<p>La <a href=\"https:\/\/maci.univ-grenoble-alpes.fr\/fr\/maison-creation-et-linnovation\" target=\"_blank\">MACI<\/a> h\u00e9berge diff\u00e9rentes plateformes et SFR (structures f\u00e9d\u00e9ratives de recherche) :<\/p>\t\t\t\t\n\t\t\t\t<ul>\n\t\t\t\t\t<li><a href=\"https:\/\/sfr-creation.univ-grenoble-alpes.fr\/fr\" target=\"_blank\">SFR Cr\u00e9ation<\/a> : \u00e0 destination de la recherche et pratique artistique, elle anime le Live Arts Lab, deux salles somatiques ainsi que la plateforme son et image,<\/li>\n\t\t\t\t\t<li><a href=\"https:\/\/innovacs.univ-grenoble-alpes.fr\/\" target=\"_blank\">Innovacs<\/a> : plateforme pour la recherche exp\u00e9rimentale sur l&rsquo;analyse des comportements des usagers et des consommateurs,<\/li>\n\t\t\t\t\t<li><a href=\"https:\/\/maci.univ-grenoble-alpes.fr\/fr\/nos-espaces\/digital-arts-humanities-lab-dahu\" target=\"_blank\">DAHU<\/a> : plateforme g\u00e9r\u00e9e par ELAN et constituant un espace de recherche et de formation \u00e0 la recherche (ateliers de pratiques, des conf\u00e9rences ou encore l&rsquo;accueil de stagiaires ouvert \u00e0 tout projet) en Humanit\u00e9s Num\u00e9riques avec deux grandes salles \u00e0 disposition.<\/li>\n\t\t\t\t\t<li><a href=\"https:\/\/www.liglab.fr\/fr\/recherche\/plateformes\/domus\" target=\"_blank\">DOMUS<\/a> est une plateforme du LIG h\u00e9berg\u00e9e \u00e0 la MaCI o\u00f9 un espace d\u00e9di\u00e9 aux exp\u00e9rimentations impliquant des utilisateurs dans des situations d\u2019interactions r\u00e9elles ou simul\u00e9es. Elle dispose d\u2019un appartement intelligent associ\u00e9 \u00e0 une r\u00e9gie, d\u2019un plateau exp\u00e9rimental de 63 m\u00b2 et d&rsquo;une pi\u00e8ce de vie sourde. <\/li>\n\t\t\t\t<\/ul>\n\t\t\t<\/td>\n\t\t<\/tr>\n\t\t<tr>\n\t\t\t<td class=\"iconeintro\">\n\t\t\t\t<img decoding=\"async\" src=\"https:\/\/platipus.univ-grenoble-alpes.fr\/wp-content\/uploads\/2022\/11\/logo-CEA-Grenoble.png\" alt=\"Logo du CEA\"\/>\n\t\t\t<\/td>\n\t\t\t<td>\n\t\t\t\t<p><strong class=\"platipus\">Plateforme CLINATEC<\/strong><\/p>\n\t\t\t\t<p>La plateforme <a href=\"https:\/\/www.leti-cea.fr\/cea-tech\/leti\/Pages\/recherche-appliquee\/infrastructures-de-recherche\/plateforme-CLINATEC.aspx\" target=\"_blank\">CLINATEC<\/a> a \u00e9t\u00e9 cr\u00e9\u00e9e par le laboratoire Leti (CEA) dans le but de soutenir la recherche sur les maladies neurologiques et la restauration des fonctions motrices. La plateforme dispose notamment d&rsquo;un  bloc op\u00e9ratoire.<\/p>\t\t\t\t\t\t\n\t\t\t\t<p>D&rsquo;<a href=\"https:\/\/www.leti-cea.fr\/cea-tech\/leti\/Pages\/recherche-appliquee\/infrastructures-de-recherche\/infrastructures.aspx\" target=\"_blank\">autres plateformes<\/a> du Leti existent.<\/p>\n\t\t\t<\/td>\n\t\t<\/tr>\n\t<\/table>\n<\/div>\n<\/details>\n\n\n\n<!--\n\t\t<tr>\n\t\t\t<td>\n\t\t\t\t<a href=\"***\"><img decoding=\"async\" src=\"***\" alt=\"***\"\/><\/a>\n\t\t\t<\/td>\n\t\t\t<td>\n\t\t\t\t<p>***<\/p>\n\t\t\t<\/td>\n\t\t<\/tr>\n-->\n\n","protected":false},"excerpt":{"rendered":"<p>Cette rubrique recense diff\u00e9rents services et plateformes susceptibles de r\u00e9pondre \u00e0 des besoins non couverts par PLATIPUS. Mis \u00e0 jour le 25\/03\/2026 Trouver d&rsquo;autres ressources num\u00e9riques Humanum Humanum est une infrastructure du Minist\u00e8re de l\u2019enseignement sup\u00e9rieur qui met \u00e0 disposition &hellip;<\/p>\n<p class=\"read-more\"> <a class=\"more-link\" href=\"https:\/\/platipus.univ-grenoble-alpes.fr\/?page_id=31\"> <span class=\"screen-reader-text\">Ressources ext\u00e9rieures<\/span> Read More &raquo;<\/a><\/p>\n","protected":false},"author":1,"featured_media":0,"parent":0,"menu_order":0,"comment_status":"closed","ping_status":"closed","template":"","meta":{"footnotes":""},"class_list":["post-31","page","type-page","status-publish","hentry"],"_links":{"self":[{"href":"https:\/\/platipus.univ-grenoble-alpes.fr\/index.php?rest_route=\/wp\/v2\/pages\/31","targetHints":{"allow":["GET"]}}],"collection":[{"href":"https:\/\/platipus.univ-grenoble-alpes.fr\/index.php?rest_route=\/wp\/v2\/pages"}],"about":[{"href":"https:\/\/platipus.univ-grenoble-alpes.fr\/index.php?rest_route=\/wp\/v2\/types\/page"}],"author":[{"embeddable":true,"href":"https:\/\/platipus.univ-grenoble-alpes.fr\/index.php?rest_route=\/wp\/v2\/users\/1"}],"replies":[{"embeddable":true,"href":"https:\/\/platipus.univ-grenoble-alpes.fr\/index.php?rest_route=%2Fwp%2Fv2%2Fcomments&post=31"}],"version-history":[{"count":32,"href":"https:\/\/platipus.univ-grenoble-alpes.fr\/index.php?rest_route=\/wp\/v2\/pages\/31\/revisions"}],"predecessor-version":[{"id":3828,"href":"https:\/\/platipus.univ-grenoble-alpes.fr\/index.php?rest_route=\/wp\/v2\/pages\/31\/revisions\/3828"}],"wp:attachment":[{"href":"https:\/\/platipus.univ-grenoble-alpes.fr\/index.php?rest_route=%2Fwp%2Fv2%2Fmedia&parent=31"}],"curies":[{"name":"wp","href":"https:\/\/api.w.org\/{rel}","templated":true}]}}