{"id":35,"date":"2024-07-15T11:53:52","date_gmt":"2024-07-15T09:53:52","guid":{"rendered":"https:\/\/platipus.msh-alpes.fr\/?page_id=35"},"modified":"2024-09-09T17:08:21","modified_gmt":"2024-09-09T15:08:21","slug":"coordonnees-et-horaires","status":"publish","type":"page","link":"https:\/\/platipus.univ-grenoble-alpes.fr\/?page_id=35","title":{"rendered":"Coordonn\u00e9es et horaires"},"content":{"rendered":"\n<table class=\"platipus\">\n\t<tr class=\"ligneintro\"><td><\/td><td><\/td><\/tr>\n\t<tr>\n\t\t<td class=\"iconeintro\">\n\t\t\t<img decoding=\"async\" class=\"icones\" src=\"https:\/\/platipus.univ-grenoble-alpes.fr\/wp-content\/uploads\/2024\/08\/epingler.png\" width=\"100px\" alt=\"icone geolocaliser\">\n\t\t<\/td>\n\t\t<td class=\"textintro\">\n\t\t\t<p class=\"intro\">PLATIPUS se r\u00e9partit sur 2 sites : la MSH-Alpes (site principal) et la MACI.<\/p>\n\t\t<\/td>\n\t<\/tr>\n\t<tr class=\"ligneintro\"><td><\/td><td><\/td><\/tr>\n<\/table>\n\n<p class=\"maj\">Mis \u00e0 jour le 09\/09\/2024<\/p>\n\n<details>\n<summary>Coordonn\u00e9es<\/summary>\n<div>\n\t<table class=\"platipus\">\n\t\t<tr>\n\t\t\t<td class=\"platipus\" colspan=\"2\">\n\t\t\t\t<p>\n\t\t\t\t\t<strong>T\u00e9l :<\/strong> 04.76.01.26.46 \/ 06.86.35.70.24<br>\n\t\t\t\t\t<strong>Email :<\/strong> <a href=\"mailto:platipus@univ-grenoble-alpes.fr\">platipus@univ-grenoble-alpes.fr<\/a>\n\t\t\t\t<\/p>\n\t\t\t<td>\n\t\t<\/tr>\n\t\t<!--MSH-Alpes-->\n\t\t<tr>\t\t\t\n\t\t\t<td class=\"platipus\">\n\t\t\t\t<p><img decoding=\"async\" src=\"https:\/\/screen.msh-alpes.fr\/wp-content\/uploads\/2018\/09\/MSHAlpesavcentrale-300x225.jpg\" alt=\"Photo du b\u00e2timent de la MSH-Alpes\" width=\"200px\"><\/p>\t\t\t\t\n\t\t\t<\/td>\n\t\t\t<td class=\"platipus\">\n\t\t\t\t<p><strong>PLATIPUS \u00e0 la MSH-Alpes (site principal)<\/strong><\/p>\n\t\t\t\t<p>MSH-Alpes<br>Universit\u00e9 Grenoble Alpes<br>1221 Av. Centrale<br>38400 Saint-Martin-d&rsquo;H\u00e8res<\/p>\n\t\t\t<\/td>\t\n\t\t<\/tr>\n\t\t<tr>\n\t\t\t<td  class=\"platipus\" colspan=\"2\">\n\t\t\t\t<iframe src=\"https:\/\/www.google.com\/maps\/embed?pb=!1m18!1m12!1m3!1d2811.757744956751!2d5.770697515742748!3d45.1919999595855!2m3!1f0!2f0!3f0!3m2!1i1024!2i768!4f13.1!3m3!1m2!1s0x478af5a08fcf3b6f%3A0x7f3f58621efa5006!2sMSH-Alpes%20(Maison%20des%20Sciences%20de%20l&#39;Homme)!5e0!3m2!1sfr!2sfr!4v1651738876958!5m2!1sfr!2sfr\" allowfullscreen=\"\" loading=\"lazy\" referrerpolicy=\"no-referrer-when-downgrade\"><\/iframe>\n\t\t\t<\/td>\n\t\t<\/tr>\n\t\t<!--MACI-->\n\t\t<tr>\t\t\t\n\t\t\t<td class=\"platipus\">\n\t\t\t\t<p><img decoding=\"async\" src=\"https:\/\/platipus.univ-grenoble-alpes.fr\/wp-content\/uploads\/2024\/09\/2020-03-08.jpg\" alt=\"Photo du b\u00e2timent de la MACI\" width=\"200px\" \/><\/p>\t\t\t\t\n\t\t\t<\/td>\n\t\t\t<td class=\"platipus\">\n\t\t\t\t<p><strong>PLATIPUS \u00e0 la MACI<\/strong><\/p>\n\t\t\t\t<p>MACI<br>Universit\u00e9 Grenoble Alpes<br>339 avenue Centrale<br>38400 Saint-Martin-d&rsquo;H\u00e8res<\/p>\n\t\t\t<\/td>\n\t\t<\/tr>\t\t\t\n\t\t<tr>\n\t\t\t<td  class=\"platipus\"colspan=\"2\">\n\t\t\t\t<iframe src=\"https:\/\/www.google.com\/maps\/embed?pb=!1m18!1m12!1m3!1d2811.7684439411596!2d5.763577200000001!3d45.191783400000006!2m3!1f0!2f0!3f0!3m2!1i1024!2i768!4f13.1!3m3!1m2!1s0x478af5f4315bdcd5%3A0xfb03ea533c106ce6!2sMaison%20de%20la%20Cr%C3%A9ation%20et%20de%20l&#39;Innovation%20-%20MaCI!5e0!3m2!1sfr!2sfr!4v1725366786909!5m2!1sfr!2sfr\" width=\"600\" height=\"450\" style=\"border:0;\" allowfullscreen=\"\" loading=\"lazy\" referrerpolicy=\"no-referrer-when-downgrade\"><\/iframe>\n\t\t\t<\/td>\n\t\t<\/tr>\n\t\t\n\t<\/table>\n<\/div>\n<\/details>\t\n\n<details>\n<summary>Horaires<\/summary>\n<div>\n\t<table class=\"platipus\">\n\t\t<tr>\n\t\t\t<td class=\"platipus\">\n\t\t\t\t<p>La plateforme est ouverte de 9h00 \u00e0 17h00. L&rsquo;acc\u00e8s aux espaces d&rsquo;exp\u00e9rimentation est toutefois possible \u00e0 la demande entre 8h00 et 19h30 (heures d&rsquo;ouverture des b\u00e2timents).<\/p>\n\t\t\t\t<p>Les horaires de pr\u00e9sence du personnel PLATIPUS sur la plateforme sont variables, pour \u00eatre s\u00fbr\u00b7e\u00b7s de nous trouver, le plus simple est de nous <a href=\"mailto:platipus@univ-grenoble-alpes.fr\">contacter par mail<\/a> afin de prendre RDV.<\/p>\n\t\t\t<\/td>\n\t\t<\/tr>\n\t<\/table>\n<\/div>\n<\/details>\t\n","protected":false},"excerpt":{"rendered":"<p>PLATIPUS se r\u00e9partit sur 2 sites : la MSH-Alpes (site principal) et la MACI. Mis \u00e0 jour le 09\/09\/2024 Coordonn\u00e9es T\u00e9l : 04.76.01.26.46 \/ 06.86.35.70.24 Email : platipus@univ-grenoble-alpes.fr PLATIPUS \u00e0 la MSH-Alpes (site principal) MSH-AlpesUniversit\u00e9 Grenoble Alpes1221 Av. Centrale38400 Saint-Martin-d&rsquo;H\u00e8res &hellip;<\/p>\n<p class=\"read-more\"> <a class=\"more-link\" href=\"https:\/\/platipus.univ-grenoble-alpes.fr\/?page_id=35\"> <span class=\"screen-reader-text\">Coordonn\u00e9es et horaires<\/span> Read More &raquo;<\/a><\/p>\n","protected":false},"author":1,"featured_media":0,"parent":0,"menu_order":0,"comment_status":"closed","ping_status":"closed","template":"","meta":{"footnotes":""},"class_list":["post-35","page","type-page","status-publish","hentry"],"_links":{"self":[{"href":"https:\/\/platipus.univ-grenoble-alpes.fr\/index.php?rest_route=\/wp\/v2\/pages\/35","targetHints":{"allow":["GET"]}}],"collection":[{"href":"https:\/\/platipus.univ-grenoble-alpes.fr\/index.php?rest_route=\/wp\/v2\/pages"}],"about":[{"href":"https:\/\/platipus.univ-grenoble-alpes.fr\/index.php?rest_route=\/wp\/v2\/types\/page"}],"author":[{"embeddable":true,"href":"https:\/\/platipus.univ-grenoble-alpes.fr\/index.php?rest_route=\/wp\/v2\/users\/1"}],"replies":[{"embeddable":true,"href":"https:\/\/platipus.univ-grenoble-alpes.fr\/index.php?rest_route=%2Fwp%2Fv2%2Fcomments&post=35"}],"version-history":[{"count":36,"href":"https:\/\/platipus.univ-grenoble-alpes.fr\/index.php?rest_route=\/wp\/v2\/pages\/35\/revisions"}],"predecessor-version":[{"id":2720,"href":"https:\/\/platipus.univ-grenoble-alpes.fr\/index.php?rest_route=\/wp\/v2\/pages\/35\/revisions\/2720"}],"wp:attachment":[{"href":"https:\/\/platipus.univ-grenoble-alpes.fr\/index.php?rest_route=%2Fwp%2Fv2%2Fmedia&parent=35"}],"curies":[{"name":"wp","href":"https:\/\/api.w.org\/{rel}","templated":true}]}}