{"id":49,"date":"2024-07-15T12:02:14","date_gmt":"2024-07-15T10:02:14","guid":{"rendered":"https:\/\/platipus.msh-alpes.fr\/?page_id=49"},"modified":"2026-01-06T09:16:32","modified_gmt":"2026-01-06T08:16:32","slug":"screen-day","status":"publish","type":"page","link":"https:\/\/platipus.univ-grenoble-alpes.fr\/?page_id=49","title":{"rendered":"Conf\u00e9rences"},"content":{"rendered":"\n<table>\n\t<tr>\n\t\t<td colspan=2>\n\t\t\t<p><strong>PLATIPUS organise r\u00e9guli\u00e8rement des conf\u00e9rences. Retrouvez les sur cette page.<\/strong><\/p>\n\t\t\t<p><strong>Prenez aussi connaissance des pr\u00e9sentations enregistr\u00e9es lors des SCREEN DAY \u00e0 partir de notre <a href=\"https:\/\/youtube.com\/playlist?list=PLeLYEJKffRavOQT6y_E8KGpNtlHbs4KU4\">playlist Youtube<\/a><\/strong><\/p>\n\t\t\t<br>\n\t\t<\/td>\n\t<\/tr>\n\n\t<!--\n\t<tr>\n\t\t<td><img decoding=\"async\" class=\"iconeintro\" src=\"\" alt=\"SCREEN Days 20**\"><\/td>\n\t\t<td style=\"vertical-align:middle\"><p ><a href=\"https:\/\/screen.msh-alpes.fr\/index.php\/screen-day-2023\">SCREEN Day 20** - Zoom sur ***<\/a><\/p><p>***<\/p><\/td>\n\t<\/tr>\n\t-->\n\n\n\t<tr>\n\t\t<td class=\"iconeintro\"><img decoding=\"async\" class=\"icones\" src=\"https:\/\/platipus.univ-grenoble-alpes.fr\/wp-content\/uploads\/2026\/01\/Logo_RJC2026_VF_PNG.png\" alt=\"RJC-EIAH 2026\"><\/td>\n\t\t<td><p><a href=\"https:\/\/rjc-eiah2026.sciencesconf.org\/\" target=\"_blank\">RJC-EIAH 2026 &#8211; Rencontre Jeunes Chercheuses et Chercheurs en EIAH<\/a><\/p><p>Conf\u00e9rence internationale francophone bisannuelle parrain\u00e9e par l\u2019<a href=\"http:\/\/www.atief.fr\/\" target=\"_blank\">ATIEF<\/a> pour la promotion de la recherche et la formation des jeunes chercheuses et chercheurs.<\/p><\/td>\n\t<\/tr>\n\t<tr>\n\t\t<td class=\"iconeintro\"><img decoding=\"async\" class=\"icones\" src=\"https:\/\/platipus.univ-grenoble-alpes.fr\/wp-content\/uploads\/2024\/05\/Affiche-Screen-Day-2024-Conf.jpg\" alt=\"SCREEN Days 2024\"><\/td>\n\t\t<td><p><a href=\"https:\/\/platipus.univ-grenoble-alpes.fr\/?page_id=52\">SCREEN Day 2024 &#8211; La robotique sociale et \u00e9motionnelle<\/a><\/p><p>Pour ceux qui s&rsquo;int\u00e9ressent \u00e0  l\u2019adaptation des robots \u00e0 leur environnement social et aux comportements \u00e9motionnels des humains.<\/p><\/td>\n\t<\/tr>\n\n\n\t<tr>\n\t\t<td class=\"iconeintro\"><img decoding=\"async\" class=\"icones\" src=\"https:\/\/platipus.univ-grenoble-alpes.fr\/wp-content\/uploads\/2023\/04\/OKAffiche-SCREEN-DAY-2023_comp.jpg\" alt=\"SCREEN Days 2023\"><\/td>\n\t\t<td style=\"vertical-align:middle\"><p><a href=\"https:\/\/platipus.univ-grenoble-alpes.fr\/?page_id=54\">SCREEN Day 2023 &#8211; Zoom sur l&rsquo;eye-tracking<\/a><\/p><p>Pour ceux qui s&rsquo;int\u00e9ressent \u00e0 l\u2019oculom\u00e9trie (eye-tracking) ou \u00eates simplement curieux de savoir ce que c\u2019est et ce que l\u2019on peut en faire.<\/p><\/td>\n\t<\/tr>\n\n\t<tr>\n\t\t<td class=\"iconeintro\"><img decoding=\"async\" class=\"icones\" src=\"https:\/\/platipus.univ-grenoble-alpes.fr\/wp-content\/uploads\/2022\/05\/Screenshot-affiche-SCREEN-DAY-2022.jpg\" alt=\"SCREEN Days 2022\"><\/td>\n\t\t<td style=\"vertical-align:middle\"><p><a href=\"https:\/\/platipus.univ-grenoble-alpes.fr\/?page_id=56\">SCREEN Day 2022 &#8211; Zoom sur la r\u00e9alit\u00e9 virtuelle (VR) et augment\u00e9e (AR) <\/a><\/p><p>La VR et l&rsquo;AR sont en plein essor. D\u00e9couvrez le potentiel de ces technologies pour les SHS.<\/p><\/td>\n\t<\/tr>\n\n<\/table>\n","protected":false},"excerpt":{"rendered":"<p>PLATIPUS organise r\u00e9guli\u00e8rement des conf\u00e9rences. Retrouvez les sur cette page. Prenez aussi connaissance des pr\u00e9sentations enregistr\u00e9es lors des SCREEN DAY \u00e0 partir de notre playlist Youtube RJC-EIAH 2026 &#8211; Rencontre Jeunes Chercheuses et Chercheurs en EIAH Conf\u00e9rence internationale francophone bisannuelle &hellip;<\/p>\n<p class=\"read-more\"> <a class=\"more-link\" href=\"https:\/\/platipus.univ-grenoble-alpes.fr\/?page_id=49\"> <span class=\"screen-reader-text\">Conf\u00e9rences<\/span> Read More &raquo;<\/a><\/p>\n","protected":false},"author":1,"featured_media":0,"parent":0,"menu_order":0,"comment_status":"closed","ping_status":"closed","template":"","meta":{"footnotes":""},"class_list":["post-49","page","type-page","status-publish","hentry"],"_links":{"self":[{"href":"https:\/\/platipus.univ-grenoble-alpes.fr\/index.php?rest_route=\/wp\/v2\/pages\/49","targetHints":{"allow":["GET"]}}],"collection":[{"href":"https:\/\/platipus.univ-grenoble-alpes.fr\/index.php?rest_route=\/wp\/v2\/pages"}],"about":[{"href":"https:\/\/platipus.univ-grenoble-alpes.fr\/index.php?rest_route=\/wp\/v2\/types\/page"}],"author":[{"embeddable":true,"href":"https:\/\/platipus.univ-grenoble-alpes.fr\/index.php?rest_route=\/wp\/v2\/users\/1"}],"replies":[{"embeddable":true,"href":"https:\/\/platipus.univ-grenoble-alpes.fr\/index.php?rest_route=%2Fwp%2Fv2%2Fcomments&post=49"}],"version-history":[{"count":19,"href":"https:\/\/platipus.univ-grenoble-alpes.fr\/index.php?rest_route=\/wp\/v2\/pages\/49\/revisions"}],"predecessor-version":[{"id":3687,"href":"https:\/\/platipus.univ-grenoble-alpes.fr\/index.php?rest_route=\/wp\/v2\/pages\/49\/revisions\/3687"}],"wp:attachment":[{"href":"https:\/\/platipus.univ-grenoble-alpes.fr\/index.php?rest_route=%2Fwp%2Fv2%2Fmedia&parent=49"}],"curies":[{"name":"wp","href":"https:\/\/api.w.org\/{rel}","templated":true}]}}