{"id":52,"date":"2024-07-15T12:04:09","date_gmt":"2024-07-15T10:04:09","guid":{"rendered":"https:\/\/platipus.msh-alpes.fr\/?page_id=52"},"modified":"2024-10-22T11:31:49","modified_gmt":"2024-10-22T09:31:49","slug":"screen-day-2024","status":"publish","type":"page","link":"https:\/\/platipus.univ-grenoble-alpes.fr\/?page_id=52","title":{"rendered":"SCREEN Day 2024"},"content":{"rendered":"\n<head>\n\n<!-- ANIMATION sur l'encart \"r\u00e9servation obligatoire\"-->\n<style type=\"text\/css\"> \n.polling_message {\n  color: white;\n  float: left;\n  margin-right: 2%;\n  width:100%;\n  margin:0 auto;\n  text-align:center;\n  background-color:#FEC200;\n}\n\n.view_port {\n  background-color: #C54F16;\n  height: 50px;\n  width: 80%;\n  overflow: hidden;\n  margin-left: 0%;\n  margin:0 auto;\n  width:150px;\n }\n\n.cylon_eye {\n  background-color:#FF6519;\n  background-image:linear-gradient(to right, #C4693E 15%, #C18B72 70%, #C4693E 15%);\n  color: white;\n  height: 100%;\n  width: 20%;\n  \n  -webkit-animation: 2s linear 0s infinite alternate move_eye;\n          animation: 2s linear 0s infinite alternate move_eye;\n}\n\n@-webkit-keyframes move_eye { from { margin-left:-20%; } to { margin-left:100%; }  }\n        @keyframes move_eye { from { margin-left:-20%; } to { margin-left:100%; }  }\n<\/style>\n\n<\/head>\n\n<!--Bouton d'acc\u00e8s au lien de r\u00e9servation weezevent\n\n<table width=\"100%\">\n<tr>\n\t<td><\/td>\n\t<td>\n\t\t<div class=\"view_port\">\n\t\t\t<div class=\"polling_message\">\n\t\t\t\t<a class=\"media\" href=\"https:\/\/my.weezevent.com\/screen-day-2024\" target=\"_blank\" rel=\"noopener\"><p>R\u00e9servation obligatoire<\/p><\/a>\n\t\t\t<\/div>\n\t\t\t<div class=\"cylon_eye\"><\/div>\n\t\t<\/div>\n\t<\/td>\n\t<td><\/td>\n<\/tr><\/table>-->\n\n\n<img decoding=\"async\" src=\"https:\/\/platipus.univ-grenoble-alpes.fr\/wp-content\/uploads\/2024\/05\/Banniere-Screen-Day-2024-Conf.jpg\" alt=\"Banni\u00e8re de l'\u00e9v\u00e9nement\" width=\"100%\">\n\n<table style=\"width:100%\">\n\n<!-- Bandeau d'acc\u00e8s \u00e0 la playlist Screenday-->\n<!--\n<tr>\n   <td class=\"media2024\"><p class=\"media\">Retrouvez les conf\u00e9rences de SCREEN Day 2024 en video sur <img decoding=\"async\" src=\"https:\/\/platipus.univ-grenoble-alpes.fr\/wp-content\/uploads\/2022\/09\/ima-graphiste-youtube-26441.jpg\" width=50px><\/p>\n\n<div class=\"view_port\" >\n\t\t<div class=\"polling_message\">\n\t\t<a class=\"media\" href=\"#\" target=\"_blank\" rel=\"noopener\"><p>Acc\u00e9dez aux videos<\/p><\/a>\n\t\t<\/div>\n\t\t<div class=\"cylon_eye\"><\/div>\n<\/div>-->\n\n\n\n   <\/td>\n<\/tr>\n\n<!-- Qu'est-ce que c'est ? -->\n\t<tr><td class=\"sd-interventions\" colspan=\"3\">\n\t\t\t<h3>Qu&rsquo;est-ce que c&rsquo;est ?<\/h3>\n\t\t\t<p><strong>SCREEN Day<\/strong> est un \u00e9v\u00e9nement annuel th\u00e9matique organis\u00e9 par la plateforme technologique SCREEN de la MSH-Alpes sur le campus universitaire de Grenoble. <\/p>\n\t\t\t<p><strong>Son but :<\/strong> permettre aux chercheurs en Sciences Humaines et Sociales (SHS) du site grenoblois d&rsquo;investir une th\u00e9matique transversale et promouvoir des liens entre la recherche et les entreprises. L&rsquo;\u00e9v\u00e9nement est toutefois ouvert \u00e0 tout autre public int\u00e9ress\u00e9.<\/p>\n\t\t\t<p>Retrouvez les <strong><a href=\"https:\/\/www.youtube.com\/playlist?list=PLeLYEJKffRavOQT6y_E8KGpNtlHbs4KU4\">videos des pr\u00e9c\u00e9dentes \u00e9ditions de SCREEN Day<\/a>.<\/strong><\/p>\n\t<\/td><\/tr>\t\n\n<!-- Th\u00e9matique de l'ann\u00e9e-->\n\t<tr>\n\t\t<td class=\"sd-interventions\" colspan=\"2\">\n\t\t\t<h3>Th\u00e9matique de l&rsquo;ann\u00e9e<\/h3>\n\t\t\t<p><strong>La robotique sociale et \u00e9motionnelle<\/strong> <br><font style=\"font-size:0.7em;font-style:italic\">(ou les interactions sociales des robots selon les comportements \u00e9motionnels des humains)<\/font><\/p>\n                        <p>Lors de cette journ\u00e9e, diff\u00e9rents travaux men\u00e9s en robotique par des chercheurs du bassin grenoblois et des d\u00e9monstrations d\u2019industriels montreront tout l\u2019enjeu de l\u2019adaptation des robots \u00e0 leur environnement social pour de nombreux usages (assistance aux personnes \u00e2g\u00e9es, \u00e9ducation, etc.). Ils souligneront ainsi particuli\u00e8rement le lien de la robotique aux sciences humaines et sociales. <\/p>\n\n\t\t<\/td>\n\t\t<td class=\"sd-interventions\" rowspan=\"3\"> \n\t\t\t<p><center><a href=\"https:\/\/platipus.univ-grenoble-alpes.fr\/wp-content\/uploads\/2024\/05\/Affiche-Screen-Day-2024-Conf.pdf\"><img decoding=\"async\" src=\"https:\/\/platipus.univ-grenoble-alpes.fr\/wp-content\/uploads\/2024\/05\/Affiche-Screen-Day-2024-Conf.jpg\" alt=\"Affiche de SCREEN Day 2023\" width=\"100%\"><\/a><\/center><\/p>\n\t\t<\/td>\n\t<\/tr>\n\n<!--Date -->\n\t<tr>\n\t\t<td class=\"sd-interventions\" colspan=\"2\">\n\t\t\t<h3>Date<\/h3>\n\t\t\t<p>Jeudi 27 juin 2024<\/p>\n\t\t<\/td>\n\t<\/tr>\n\n<!--Modalit\u00e9s d'inscription-->\n\n\t<tr><td class=\"sd-interventions\" colspan=\"2\">\n\t\t<h3>Inscriptions<\/h3>\n\t\t<p>La journ\u00e9e est enti\u00e8rement <strong>gratuite<\/strong>.<\/p>\n\t\t<p>La r\u00e9servation est obligatoire pour nous permettre d&rsquo;organiser au mieux votre journ\u00e9e.<\/p>\n\t\t<p><em>Inscription obligatoire, ouverte jusqu&rsquo;au lundi 24 juin inclus. Places limit\u00e9es.<\/em><\/p>\n                      <!-- <div class=\"view_port\">\n\t\t\t\t<div class=\"polling_message\">\n\t\t\t\t\t<a class=\"media\" href=\"https:\/\/my.weezevent.com\/screen-day-2024\" target=\"_blank\" rel=\"noopener\"><p>R\u00e9servation obligatoire<\/p><\/a>\n\t\t\t\t<\/div>\n\t\t\t\t<div class=\"cylon_eye\"><\/div>\n\t\t\n\t\t\t<\/div>-->\n\t<\/td><\/tr>\n\n<!--Bouton d'acc\u00e8s au lien de r\u00e9servation weezevent\n\t<tr>\n\t\t<td  style=\"border-style:none\" width=\"40%\"><\/td>\n\t\t<td style=\"text-align:center;border-style:none\">\n\t\t\t<div class=\"view_port\">\n\t\t\t\t<div class=\"polling_message\">\n\t\t\t\t\t<a class=\"media\" href=\"https:\/\/my.weezevent.com\/screen-day-2024\" target=\"_blank\" rel=\"noopener\"><p>R\u00e9servation obligatoire<\/p><\/a>\n\t\t\t\t<\/div>\n\t\t\t\t<div class=\"cylon_eye\"><\/div>\n\t\t\t<\/div>\n\t\t<\/td>\n\t\t<td  style=\"border-style:none\" width=\"40%\"><\/td>\n\t<\/tr>\n<\/table>\n-->\n\n<!--Programme-->\n<table>\n\t<tr>\n\t\t<td  class=\"sd-interventions\" colspan=1>\n\t\t\t<h3>Programme<\/h3>\n\n\n\n\t\t\t<table>\n\t\t\t\t<tr>\n\t\t\t\t\t<td class=\"sd-horaires\"><p style=\"color:#C54F16;\"><strong class=\"sd2024\">08h30-08h50<\/strong><\/p><\/td>\n\t\t\t\t\t<td class=\"sd-interventions\"><p><strong class=\"sd2024\">ACCUEIL<\/strong> <i class=\"sd2024\">Hall d&rsquo;entr\u00e9e<\/i><\/p><\/td>\n\n\t\t\t\t\t<td rowspan=2 style=\"text-align:right\"><a href=\"https:\/\/platipus.univ-grenoble-alpes.fr\/wp-content\/uploads\/2024\/06\/SCREEN-DAY-2024-Programme-detaille.pdf\"><img decoding=\"async\" class=\"sd2024\" src=\"https:\/\/platipus.univ-grenoble-alpes.fr\/wp-content\/uploads\/2024\/05\/Image-programme-detaille-a-telecharger-definiif.jpg\" alt=\"T\u00e9l\u00e9chargez le programme d\u00e9taill\u00e9 et r\u00e9sum\u00e9s (\u00e0 venir)\"><\/a><\/td>\n\t\t\t\t<\/tr>\n\t\t\n\t\t\t\t<tr>\n\t\t\t\t\t<td class=\"sd-horaires\"><p><strong>08h50-9h00<\/strong><\/p><\/td>\n\t\t\t\t\t<td class=\"sd-interventions\"><p><strong>INTRODUCTION<\/strong> <i class=\"sd2024\">Amphith\u00e9\u00e2tre<\/i><\/p><\/td>\n\t\t\t\t<\/tr>\n\t\t\t\t\n\t\t\t\t<tr>\n\t\t\t\t\t<td class=\"sd-horaires\"><p><strong>09h00-10h30<\/strong><\/p><\/td>\n\t\t\t\t\t<td class=\"sd-interventions\"  colspan=2>\n\t\t\t\t\t\t<p><strong>PRESENTATIONS ORALES<\/strong> de travaux de recherche <i class=\"sd2024\">Amphith\u00e9\u00e2tre<\/i><\/p>\n\t\t\t\t\t\t<p><strong>09h00 &#8211; Robot imparfait, \u00e9loge de la fragilit\u00e9&#8230;<\/strong><br>V\u00e9ronique Auberg\u00e9 (LIG, CNRS)<\/p>\n\t\t\t\t\t\t<p><strong>09h30 &#8211; La fili\u00e8re robotique r\u00e9gionale et les liens entre les diff\u00e9rentes robotiques<\/strong><br>Fr\u00e9d\u00e9ric H\u00e9lin (Directeur du Cluster robotique, COBOTEAM Auvergne Rh\u00f4ne-Alpes &#8211; Th\u00e9same)<\/p>\n\t\t\t\t\t\t<p><strong>10h00 &#8211; Sciences Sociales et Interaction pour la Robotique Sociable <\/strong><br>Dominique Vaufreydaz (LIG, Universit\u00e9 Grenoble-Alpes)<\/p>\n\t\t\t\t\t\t<p><strong>10h30 &#8211; Recherches sur l\u2019interaction Humain-Robot avec les robots Miroka\u00ef<\/strong><br>Romain Vall\u00e9e (Enchanted Tools, LIG, CNRS), V\u00e9ronique Auberg\u00e9 (LIG, CNRS) <i>et al.<\/i><\/p>\n                    <\/td>\n\t\t\t\t<\/tr>\n\t\t\t\t\n\t\t\t\t<tr>\n\t\t\t\t\t<td class=\"sd-horaires\"><p style=\"color:#C54F16;\"><strong class=\"sd2024\">11h00-11h15<\/strong><\/p><\/td>\n\t\t\t\t\t<td class=\"sd-interventions\" colspan=2><p style=\"color:#C54F16;\"><strong class=\"sd2024\">PAUSE CAFE<\/strong>  <i class=\"sd2024\">Hall d&rsquo;entr\u00e9e \/ Terrasse<\/i><\/p><\/td>\n\t\t\t\t<\/tr>\n\t\t\t\t\t\t\t\t\n\t\t\t\t<tr>\n\t\t\t\t\t<td class=\"sd-horaires\"><p><strong>11h15-12h15<\/strong><\/p><\/td>\n\t\t\t\t\t<td class=\"sd-interventions\"><p><strong>ATELIERS<br><br>Session 1 &#8211; 11h15-11h45<br>Session 2 &#8211; 11h45-12h15<\/strong><\/p><br><\/td>\n\t\t\t\t\t<td class=\"sd-industriels2024\" rowspan=\"3\">\n\t\t\t\t\t\t<p class=\"sd-ateliers\"><strong class=\"sd2024\">ATELIERS <i>avec d\u00e9monstrations<\/i><\/strong><br><font style=\"font-size:0.8em;color:#666666;\">Vous disposez de 3 sessions pour assister \u00e0 3 ateliers parmi les 4 propos\u00e9s.<br>A vous de pr\u00e9parer votre programme !<\/font><\/p>\n\t\t\t\t\t\t<br>\n\t\t\t\t\t\t<p class=\"sd-ateliers\"><strong>Atelier 1 &#8211; Enchanted Tools<\/strong><br>D\u00e9couvrez les Miroka\u00ef, des nouveaux robots \u00e0 la fois utiles et merveilleux cr\u00e9\u00e9s par Enchanted Tools<i class=\"sd2024\"><\/i><\/p>\n\t\t\t\t\t\t<p class=\"sd-ateliers\"><strong>Atelier 2 &#8211; United Robotics<\/strong><br>Amener l&rsquo;IA conversationnelle aux robots sociaux<i class=\"sd2024\"><\/i><\/p>\n\t\t\t\t\t\t<p class=\"sd-ateliers\"><strong>Atelier 3 &#8211; Global Smart Development<\/strong><br>La robotique de service dans le secteur de l\u2019h\u00f4tellerie restauration Ou comment allier traditions fran\u00e7aises et innovation technologique<i class=\"sd2024\"><\/i><\/p>\n\t\t\t\t\t\t<p class=\"sd-ateliers\"><strong>Atelier 4 &#8211; Fr\u00e9d\u00e9ric Elis\u00e9i <\/strong><br>GIPSA-Lab, Grenoble-INP<br>Interactions sociales avec le robot Furhat : r\u00f4le de la t\u00eate et du regard face \u00e0 un groupe<\/strong><i class=\"sd2024\"><\/i><\/p>\n\t\t\t\t\t<\/td>\n\t\t\t\t<\/tr>\n\t\t\t\t\n\t\t\t\t<tr>\n\t\t\t\t\t<td class=\"sd-horaires\"><p><strong class=\"sd2024\">12h15-14h00<\/strong><\/p><\/td>\n\t\t\t\t\t<td class=\"sd-interventions\"><p><strong class=\"sd2024\">BUFFET<\/strong> offert \u00e0 tous  <i class=\"sd2024\">Hall d&rsquo;entr\u00e9e \/ Terrasse<\/i><\/p><\/td>\n\t\t\t\t<\/tr>\n\t\t\t\t\n\t\t\t\t<tr>\n\t\t\t\t\t<td class=\"sd-horaires\"><p><strong>14h00-14h30<\/strong><\/p><\/td>\n\t\t\t\t\t<td class=\"sd-interventions\"><p><strong>ATELIERS<br><br>Session 3 &#8211; 14h00-14h30<\/strong><\/p><br><\/td>\n\t\t\t\t<\/tr>\t\n\t\t\t\t\n\t\t\t\t\n\t\t\t\t<tr>\n\t\t\t\t\t<td class=\"sd-horaires\"><p><strong>14h45-17h00<\/strong><\/p><\/td>\n\t\t\t\t\t<td class=\"sd-interventions\" colspan=2>\n\t\t\t\t\t\t<p><strong>PRESENTATIONS ORALES<\/strong> de travaux de recherche <i class=\"sd2024\">Amphith\u00e9\u00e2tre<\/i><\/p>\n                        <p><strong>14h45 &#8211; SCREEN, SCREEN Day et apr\u00e8s ?<\/strong><\/p>\n\t\t\t\t\t\t<p><strong>15h00 &#8211; R\u00e9troactions d\u2019un robot dans un jeu math\u00e9matique, quelle prise en compte par des \u00e9l\u00e8ves d\u2019\u00e9cole primaire ?<\/strong><br>Sophie Soury-Lavergne (LIG, Universit\u00e9 Grenoble-Alpes), Sonia Mandin (MSH-Alpes)<\/p>\n\t\t\t\t\t\t<p><strong>15h30 &#8211; Navigation Sociale : comment interpr\u00e8te-t-on les d\u00e9placements d\u2019un robot mobile ? <\/strong><br>Philip Scales (GIPSA-Lab &#038; LIG, Universit\u00e9 Grenoble-Alpes), Olivier Aycard (GIPSA-Lab, INP-PHELMA), V\u00e9ronique Auberg\u00e9 (LIG, CNRS)<\/p>\n                        <p><strong>16h00 &#8211; Pr\u00e9voir l\u2019adoption des innovations technologiques pour les interactions robotis\u00e9es avec les personnes \u00e2g\u00e9es. Le cas du contr\u00f4le oculaire et de l\u2019assistance fonctionnelle.<\/strong><br>Emmanuel Monfort (TIMC, Universit\u00e9 Grenoble-Alpes), Sophia Caritu (UFR SHS, Universit\u00e9 Grenoble-Alpes), Cyril Chameau (UFR SHS, Universit\u00e9 Grenoble-Alpes), Adeline Hartmann (UFR SHS, Universit\u00e9 Grenoble-Alpes), Didier Schwab (LIG, Universit\u00e9 Grenoble-Alpes), Damien Pellier (LIG, Universit\u00e9 Grenoble-Alpes)<\/p>\n                        <p><strong>16h30 &#8211; Faut-il construire des robots sociables ?<\/strong><br>Pierre Brice Wieber (INRIA)<\/p>\n\t\t\t           <\/td>\n\t\t\t\t<\/tr>\n\t\t\t\t<tr>\n\t\t\t\t\t<td class=\"sd-horaires\"><p><strong>17h00-17h10<\/strong><\/p><\/td>\n\t\t\t\t\t<td class=\"sd-interventions\" colspan=2><p><strong>Conclusion<\/strong>  <i class=\"sd2024\">Amphith\u00e9\u00e2tre<\/i><\/p><\/td>\n\t\t\t\t<\/tr>\t\t\t\n\n\t\t\t\t\t\t\t\n\t\t\t\t<tr>\n\t\t\t\t\t<td class=\"sd-horaires\"><p><strong class=\"sd2024\">17h10-17h30<\/strong><\/p><\/td>\n\t\t\t\t\t<td class=\"sd-interventions\" colspan=2><p><strong class=\"sd2024\">CAFE-DISCUSSIONS<\/strong>  <i class=\"sd2024\">Hall d&rsquo;entr\u00e9e \/ Terrasse<\/i><\/p><\/td>\n\t\t\t\t<\/tr>\t\t\t\t\n\t\t\t\t\n\t\t\t\t<tr>\n\t\t\t\t\t<td class=\"sd-horaires\"><p><strong>20h00-21h00<\/strong><\/p><\/td>\n\t\t\t\t\t<td class=\"sd-interventions\" colspan=2>\n\t\t\t\t\t\t<p><strong>CONFERENCE INVITEE<\/strong><i class=\"sd2024\">Amphith\u00e9\u00e2tre<\/i><\/p>\n                        <p><strong>Robotique et soci\u00e9t\u00e9<\/strong><br>Par <strong class=\"sd2024\">Sophie Sakka<\/strong><br><br> Les robots soci\u00e9taux soul\u00e8vent de nombreuses passions. On leur pr\u00eate des intentions, souvent malveillantes \u00e0 notre encontre, on les mystifie, on les humanise, on annonce m\u00eame parfois notre fin de leur fait, on leur offre la citoyennet\u00e9 ou on les demande en mariage. Nos imaginaires sont souvent attis\u00e9s en les taxant de cr\u00e9atures, et cela g\u00e9n\u00e8re une peur du robot, une peur du remplacement au sein de la soci\u00e9t\u00e9, une peur d&rsquo;une possible concurrence en notre d\u00e9faveur. Cette conf\u00e9rence a pour vocation de red\u00e9finir l&rsquo;objet robotique en tant que cr\u00e9ation et non cr\u00e9ature, son usage actuel en comparaison avec les mystifications vendues par les fabricants et les sociologues, son impact possible sur notre soci\u00e9t\u00e9 et son organisation. Nous pourrons replacer la r\u00e9flexion citoyenne dans cette \u00e9volution technologique et \u00e9tudier des pistes de solutions qui remettraient naturellement l&rsquo;humain et les valeurs humanistes au centre des pr\u00e9occupations. <br><br>\n\n\t\t\t\t\t\t<i>Sophie Sakka est Professeure des Universit\u00e9s \u00e0 l&rsquo;Institut national sup\u00e9rieur de recherche et formation sur l&rsquo;\u00e9ducation inclusive (INSEI), directrice de l&rsquo;unit\u00e9 de recherche Grhapes (Groupe de recherche sur le handicap, l&rsquo;accessibilit\u00e9, les pratiques \u00e9ducatives et scolaires). Sp\u00e9cialis\u00e9e en robotique humano\u00efde, sa recherche se concentre aujourd&rsquo;hui sur les usages des robots en soci\u00e9t\u00e9 et l&rsquo;impact de ces usages sur le comportement humain, individuel et social. Elle dirige le programme de recherche \u00ab\u00a0M\u00e9diations robotiques\u00a0\u00bb du Grhapes. Pour l&rsquo;impact social de ses innovations, elle a \u00e9t\u00e9 \u00e9lev\u00e9e au grade de chevalier \u00e0 l&rsquo;Ordre national du m\u00e9rite en 2017.<\/i>\n\n<\/p>\n\t\t\t\t\t<\/td>\n\t\t\t\t<\/tr>\n\t\t\t\t\n\t\t\t\t\t\t\t\t\t\t\t\n\t\t\t\n\t\t\t<\/table>\t\n\t\t<\/td>\n\t<\/tr>\n\t\n\t<tr>\n\t\t<td colspan=3>\n\t\t\t<h3>Lieu<\/h3>\n\t\t\t<p>Dans les locaux de la MSH-Alpes sur le campus universitaire de Grenoble<\/p>\n\t\t\t<p><strong>MSH-Alpes<\/strong><br>1221 rue de l&rsquo;universit\u00e9 <font style=\"font-size:0.7em;font-style:italic\">(anciennement avenue centrale)<\/font><br>38400 Saint-Martin-d&rsquo;H\u00e8res<\/p>\n\t\t\t<iframe src=\"https:\/\/www.google.com\/maps\/embed?pb=!1m18!1m12!1m3!1d2811.757744956751!2d5.770697515742748!3d45.1919999595855!2m3!1f0!2f0!3f0!3m2!1i1024!2i768!4f13.1!3m3!1m2!1s0x478af5a08fcf3b6f%3A0x7f3f58621efa5006!2sMSH-Alpes%20(Maison%20des%20Sciences%20de%20l&#39;Homme)!5e0!3m2!1sfr!2sfr!4v1651738876958!5m2!1sfr!2sfr\" width=\"600\" height=\"450\" style=\"border:0;\" allowfullscreen=\"\" loading=\"lazy\" referrerpolicy=\"no-referrer-when-downgrade\"><\/iframe><br><bR>\n\t\t\t<p>Si vous venez en train, en voiture, en tramway ou m\u00eame en avion, le site de la MSH-Alpes vous offrira <a href=\"https:\/\/www.msh-alpes.fr\/msh-alpes\/venir-msh\">davantage de d\u00e9tails pour nous retrouver<\/a>.<\/p> \n\t\t<\/td>\n\t<\/tr>\n\t<tr>\n\t\t<td colspan=\"3\">\n\t\t\t<h3>Contact<\/h3>\n\t\t\t<p>Sonia Mandin &#8211; <a href=\"mailto:sonia.mandin@univ-grenoble-alpes.fr\">sonia.mandin@univ-grenoble-alpes.fr<\/a><\/p>\n\t\t<\/td>\n\t<\/tr>\n<\/table>\n\n\n\n<!--<table>\n<tr><td  style=\"border-style:none\" width=\"80%\"><\/td>\n<td style=\"text-align:center;border-style:none\">\n  <div class=\"view_port\">\n     <div class=\"polling_message\">\n         <p>R\u00e9servation obligatoire<\/p>\n     <\/div>\n     <div class=\"cylon_eye\"><\/div>\n  <\/div>\n<\/td><\/tr><\/table>-->\n\n\n\n<p><\/p>\n","protected":false},"excerpt":{"rendered":"<p>Qu&rsquo;est-ce que c&rsquo;est ? SCREEN Day est un \u00e9v\u00e9nement annuel th\u00e9matique organis\u00e9 par la plateforme technologique SCREEN de la MSH-Alpes sur le campus universitaire de Grenoble. Son but : permettre aux chercheurs en Sciences Humaines et Sociales (SHS) du site &hellip;<\/p>\n<p class=\"read-more\"> <a class=\"more-link\" href=\"https:\/\/platipus.univ-grenoble-alpes.fr\/?page_id=52\"> <span class=\"screen-reader-text\">SCREEN Day 2024<\/span> Read More &raquo;<\/a><\/p>\n","protected":false},"author":1,"featured_media":0,"parent":0,"menu_order":0,"comment_status":"closed","ping_status":"closed","template":"","meta":{"footnotes":""},"class_list":["post-52","page","type-page","status-publish","hentry"],"_links":{"self":[{"href":"https:\/\/platipus.univ-grenoble-alpes.fr\/index.php?rest_route=\/wp\/v2\/pages\/52","targetHints":{"allow":["GET"]}}],"collection":[{"href":"https:\/\/platipus.univ-grenoble-alpes.fr\/index.php?rest_route=\/wp\/v2\/pages"}],"about":[{"href":"https:\/\/platipus.univ-grenoble-alpes.fr\/index.php?rest_route=\/wp\/v2\/types\/page"}],"author":[{"embeddable":true,"href":"https:\/\/platipus.univ-grenoble-alpes.fr\/index.php?rest_route=\/wp\/v2\/users\/1"}],"replies":[{"embeddable":true,"href":"https:\/\/platipus.univ-grenoble-alpes.fr\/index.php?rest_route=%2Fwp%2Fv2%2Fcomments&post=52"}],"version-history":[{"count":28,"href":"https:\/\/platipus.univ-grenoble-alpes.fr\/index.php?rest_route=\/wp\/v2\/pages\/52\/revisions"}],"predecessor-version":[{"id":2896,"href":"https:\/\/platipus.univ-grenoble-alpes.fr\/index.php?rest_route=\/wp\/v2\/pages\/52\/revisions\/2896"}],"wp:attachment":[{"href":"https:\/\/platipus.univ-grenoble-alpes.fr\/index.php?rest_route=%2Fwp%2Fv2%2Fmedia&parent=52"}],"curies":[{"name":"wp","href":"https:\/\/api.w.org\/{rel}","templated":true}]}}