{"id":58,"date":"2024-07-15T12:13:10","date_gmt":"2024-07-15T10:13:10","guid":{"rendered":"https:\/\/platipus.msh-alpes.fr\/?page_id=58"},"modified":"2024-08-30T17:19:25","modified_gmt":"2024-08-30T15:19:25","slug":"services-proposes","status":"publish","type":"page","link":"https:\/\/platipus.univ-grenoble-alpes.fr\/?page_id=58","title":{"rendered":"Ressources r\u00e9servables"},"content":{"rendered":"\n<table>\n\t<tr>\n\t\t<td class=\"iconeintro\">\n\t\t\t<img decoding=\"async\" src=\"https:\/\/platipus.univ-grenoble-alpes.fr\/wp-content\/uploads\/2021\/12\/icone-Espace.png\" alt=\"Icone Espace\">\n\t\t<\/td>\n\t\t<td>\n\t\t\t<p>Vous cherchez <a href=\"https:\/\/platipus.univ-grenoble-alpes.fr\/?page_id=18\">un espace pour vos \u00e9tudes<\/a> ? Diff\u00e9rentes salles et boxes sont \u00e0 votre disposition sur r\u00e9servation sur les sites g\u00e9ographiques PLATIPUS de la MSH-Alpes et de la MACI.<\/p>\n\t\t<\/td>\n\t<\/tr>\n\t<tr>\n\t\t<td class=\"iconeintro\">\n\t\t\t<img decoding=\"async\" src=\"https:\/\/platipus.univ-grenoble-alpes.fr\/wp-content\/uploads\/2021\/12\/Icone-MaterielExpe.png\" alt=\"Icone Mat\u00e9riel Exp\u00e9rimental\">\n\t\t<\/td>\n\t\t<td>\n\t\t\t<p>Vous avez besoin d&rsquo;<a href=\"https:\/\/platipus.univ-grenoble-alpes.fr\/?page_id=21\">un mat\u00e9riel d\u2019exp\u00e9rimentation<\/a> ? ou d&rsquo;<a href=\"https:\/\/platipus.univ-grenoble-alpes.fr\/?page_id=23\">un logiciel sp\u00e9cifique ?<\/a> Consultez les listes de ressources que PLATIPUS met \u00e0 votre disposition.<\/p>\n\t\t<\/td>\n\t<\/tr>\t\n<\/table>\n","protected":false},"excerpt":{"rendered":"<p>Vous cherchez un espace pour vos \u00e9tudes ? Diff\u00e9rentes salles et boxes sont \u00e0 votre disposition sur r\u00e9servation sur les sites g\u00e9ographiques PLATIPUS de la MSH-Alpes et de la MACI. Vous avez besoin d&rsquo;un mat\u00e9riel d\u2019exp\u00e9rimentation ? ou d&rsquo;un logiciel &hellip;<\/p>\n<p class=\"read-more\"> <a class=\"more-link\" href=\"https:\/\/platipus.univ-grenoble-alpes.fr\/?page_id=58\"> <span class=\"screen-reader-text\">Ressources r\u00e9servables<\/span> Read More &raquo;<\/a><\/p>\n","protected":false},"author":1,"featured_media":0,"parent":0,"menu_order":0,"comment_status":"closed","ping_status":"closed","template":"","meta":{"footnotes":""},"class_list":["post-58","page","type-page","status-publish","hentry"],"_links":{"self":[{"href":"https:\/\/platipus.univ-grenoble-alpes.fr\/index.php?rest_route=\/wp\/v2\/pages\/58","targetHints":{"allow":["GET"]}}],"collection":[{"href":"https:\/\/platipus.univ-grenoble-alpes.fr\/index.php?rest_route=\/wp\/v2\/pages"}],"about":[{"href":"https:\/\/platipus.univ-grenoble-alpes.fr\/index.php?rest_route=\/wp\/v2\/types\/page"}],"author":[{"embeddable":true,"href":"https:\/\/platipus.univ-grenoble-alpes.fr\/index.php?rest_route=\/wp\/v2\/users\/1"}],"replies":[{"embeddable":true,"href":"https:\/\/platipus.univ-grenoble-alpes.fr\/index.php?rest_route=%2Fwp%2Fv2%2Fcomments&post=58"}],"version-history":[{"count":13,"href":"https:\/\/platipus.univ-grenoble-alpes.fr\/index.php?rest_route=\/wp\/v2\/pages\/58\/revisions"}],"predecessor-version":[{"id":2093,"href":"https:\/\/platipus.univ-grenoble-alpes.fr\/index.php?rest_route=\/wp\/v2\/pages\/58\/revisions\/2093"}],"wp:attachment":[{"href":"https:\/\/platipus.univ-grenoble-alpes.fr\/index.php?rest_route=%2Fwp%2Fv2%2Fmedia&parent=58"}],"curies":[{"name":"wp","href":"https:\/\/api.w.org\/{rel}","templated":true}]}}