{"id":7,"date":"2024-07-15T11:04:55","date_gmt":"2024-07-15T09:04:55","guid":{"rendered":"https:\/\/platipus.msh-alpes.fr\/?page_id=7"},"modified":"2024-08-26T16:08:44","modified_gmt":"2024-08-26T14:08:44","slug":"volontaires-pour-une-experimentation","status":"publish","type":"page","link":"https:\/\/platipus.univ-grenoble-alpes.fr\/?page_id=7","title":{"rendered":"Volontaires pour une exp\u00e9rimentation"},"content":{"rendered":"\n<table>\n\t<tr>\n\t\t<td class=\"iconeintro\">\n\t\t\t<img decoding=\"async\" src=\"https:\/\/platipus.univ-grenoble-alpes.fr\/wp-content\/uploads\/2021\/12\/Icone-Participants.png\" alt=\"Icone Participants\">\n\t\t<\/td>\n\t\t<td>\n\t\t\t<p><a href=\"https:\/\/platipus.univ-grenoble-alpes.fr\/?page_id=866\">Vous \u00eates volontaire pour participer \u00e0 des exp\u00e9rimentations ?<\/a> <a href=\"https:\/\/platipus.univ-grenoble-alpes.fr\/?page_id=866\">Vous cherchez des participant\u00b7e\u00b7s pour votre projet de recherche ?<\/a> SCREEN vous donne acc\u00e8s \u00e0 nos listes de diffusion JeParticipe et\/ou Seniors pour la Science.<\/p>\n\t\t<\/td>\n\t<\/tr>\n\t<tr>\n\t\t<td class=\"iconeintro\">\n\t\t\t<img decoding=\"async\" src=\"https:\/\/platipus.univ-grenoble-alpes.fr\/wp-content\/uploads\/2023\/06\/icone-rechercher.png\" alt=\"Icone Rechercher\">\n\t\t<\/td>\n\t\t<td>\n\t\t\t<p><a href=\"https:\/\/platipus.univ-grenoble-alpes.fr\/?page_id=10\">Vous souhaitez consulter les appels \u00e0 volontaires<\/a> que nous diffusons pour les \u00e9tudes en sciences humaines et sociales impliquant l&rsquo;universit\u00e9 Grenoble-Alpes ?<\/p>\n\t\t<\/td>\n\t<\/tr>\n\t<tr>\n\t\t<td class=\"iconeintro\">\n\t\t\t<img decoding=\"async\" src=\"https:\/\/platipus.univ-grenoble-alpes.fr\/wp-content\/uploads\/2023\/06\/icone-presentation.png\" alt=\"Icone Pr\u00e9sentation\">\n\t\t<\/td>\n\t\t<td>\n\t\t\t<p><a href=\"https:\/\/platipus.univ-grenoble-alpes.fr\/?page_id=12\">Vous \u00eates int\u00e9ress\u00e9.e par les r\u00e9sultats d&rsquo;exp\u00e9rimentations<\/a> qui ont requis des volontaires ?<\/p>\n\t\t<\/td>\n\t<\/tr>\n<\/table>\n\n\n\n\n\n<p><\/p>\n","protected":false},"excerpt":{"rendered":"<p>Vous \u00eates volontaire pour participer \u00e0 des exp\u00e9rimentations ? Vous cherchez des participant\u00b7e\u00b7s pour votre projet de recherche ? SCREEN vous donne acc\u00e8s \u00e0 nos listes de diffusion JeParticipe et\/ou Seniors pour la Science. Vous souhaitez consulter les appels \u00e0 &hellip;<\/p>\n<p class=\"read-more\"> <a class=\"more-link\" href=\"https:\/\/platipus.univ-grenoble-alpes.fr\/?page_id=7\"> <span class=\"screen-reader-text\">Volontaires pour une exp\u00e9rimentation<\/span> Read More &raquo;<\/a><\/p>\n","protected":false},"author":1,"featured_media":0,"parent":0,"menu_order":0,"comment_status":"closed","ping_status":"closed","template":"","meta":{"footnotes":""},"class_list":["post-7","page","type-page","status-publish","hentry"],"_links":{"self":[{"href":"https:\/\/platipus.univ-grenoble-alpes.fr\/index.php?rest_route=\/wp\/v2\/pages\/7","targetHints":{"allow":["GET"]}}],"collection":[{"href":"https:\/\/platipus.univ-grenoble-alpes.fr\/index.php?rest_route=\/wp\/v2\/pages"}],"about":[{"href":"https:\/\/platipus.univ-grenoble-alpes.fr\/index.php?rest_route=\/wp\/v2\/types\/page"}],"author":[{"embeddable":true,"href":"https:\/\/platipus.univ-grenoble-alpes.fr\/index.php?rest_route=\/wp\/v2\/users\/1"}],"replies":[{"embeddable":true,"href":"https:\/\/platipus.univ-grenoble-alpes.fr\/index.php?rest_route=%2Fwp%2Fv2%2Fcomments&post=7"}],"version-history":[{"count":47,"href":"https:\/\/platipus.univ-grenoble-alpes.fr\/index.php?rest_route=\/wp\/v2\/pages\/7\/revisions"}],"predecessor-version":[{"id":1572,"href":"https:\/\/platipus.univ-grenoble-alpes.fr\/index.php?rest_route=\/wp\/v2\/pages\/7\/revisions\/1572"}],"wp:attachment":[{"href":"https:\/\/platipus.univ-grenoble-alpes.fr\/index.php?rest_route=%2Fwp%2Fv2%2Fmedia&parent=7"}],"curies":[{"name":"wp","href":"https:\/\/api.w.org\/{rel}","templated":true}]}}