{"id":945,"date":"2024-08-21T06:03:47","date_gmt":"2024-08-21T04:03:47","guid":{"rendered":"https:\/\/platipus.univ-grenoble-alpes.fr\/?page_id=945"},"modified":"2024-08-27T16:50:09","modified_gmt":"2024-08-27T14:50:09","slug":"consentement","status":"publish","type":"page","link":"https:\/\/platipus.univ-grenoble-alpes.fr\/?page_id=945","title":{"rendered":"Consentement"},"content":{"rendered":"\n<table class=\"fiches\">\n\t<tr>\n\t\t<td class=\"fiches-marges\"><\/td>\n\t\t<td>\n\t\t\t<p>Vous \u00eates tenu.e d\u2019informer a minima l\u2019utilisation que vous ferez des donn\u00e9es r\u00e9colt\u00e9es. Dans le cas o\u00f9 vous recueilleriez des donn\u00e9es personnelles, sensibles, et\/ou identifiante vous devez pr\u00e9senter un formulaire de consentement aux volontaires, lequel n\u2019est pas n\u00e9cessairement nominatif, et peut \u00eatre valid\u00e9 par une action autre que la signature. Par exemple, cliquer sur un bouton.<\/p>\n\t\t\t<p>Lorsqu&rsquo;on recueille un consentement, il convient qu&rsquo;apparaisse dans le document :<\/p>\n\t\t\t<ul>\n\t\t\t\t<li>L\u2019identit\u00e9 du Responsable de Traitement,<\/li>\n\t\t\t\t<li>Les coordonn\u00e9es du D\u00e9l\u00e9gu\u00e9 \u00e0 la Protection des donn\u00e9es,<\/li>\n\t\t\t\t<li>La finalit\u00e9\/fondement des traitements<\/li>\n\t\t\t\t<li>Les destinataires<\/li>\n\t\t\t\t<li>Le type de donn\u00e9es collect\u00e9es et leur source<\/li>\n\t\t\t\t<li>Leur dur\u00e9e de conservation<\/li>\n\t\t\t\t<li>L\u2019existence du droit d\u2019acc\u00e8s aux donn\u00e9es, de rectification ou d&rsquo;effacement de celles-ci<\/li>\n\t\t\t\t<li>La proc\u00e9dure pour exercer son droit d\u2019acc\u00e8s, de rectification et d\u2019effacement<\/li>\n\t\t\t\t<li>L&rsquo;existence du droit au retrait du consentement<\/li>\n\t\t\t\t<li>Le cas \u00e9ch\u00e9ant, des transferts des donn\u00e9es vers des pays hors U.E<\/li>\n\t\t\t\t<li>Le cas \u00e9ch\u00e9ant, si ces donn\u00e9es serviront \u00e0 prendre des d\u00e9cisions automatis\u00e9e (type profilage)<\/li>\n\t\t\t<\/ul>\n\t\t<\/td>\n\t\t<td class=\"fiches-marges\"><\/td>\n\t<\/tr>\n<\/table>\n\n","protected":false},"excerpt":{"rendered":"<p>Vous \u00eates tenu.e d\u2019informer a minima l\u2019utilisation que vous ferez des donn\u00e9es r\u00e9colt\u00e9es. Dans le cas o\u00f9 vous recueilleriez des donn\u00e9es personnelles, sensibles, et\/ou identifiante vous devez pr\u00e9senter un formulaire de consentement aux volontaires, lequel n\u2019est pas n\u00e9cessairement nominatif, et &hellip;<\/p>\n<p class=\"read-more\"> <a class=\"more-link\" href=\"https:\/\/platipus.univ-grenoble-alpes.fr\/?page_id=945\"> <span class=\"screen-reader-text\">Consentement<\/span> Read More &raquo;<\/a><\/p>\n","protected":false},"author":1,"featured_media":0,"parent":0,"menu_order":0,"comment_status":"closed","ping_status":"closed","template":"","meta":{"footnotes":""},"class_list":["post-945","page","type-page","status-publish","hentry"],"_links":{"self":[{"href":"https:\/\/platipus.univ-grenoble-alpes.fr\/index.php?rest_route=\/wp\/v2\/pages\/945","targetHints":{"allow":["GET"]}}],"collection":[{"href":"https:\/\/platipus.univ-grenoble-alpes.fr\/index.php?rest_route=\/wp\/v2\/pages"}],"about":[{"href":"https:\/\/platipus.univ-grenoble-alpes.fr\/index.php?rest_route=\/wp\/v2\/types\/page"}],"author":[{"embeddable":true,"href":"https:\/\/platipus.univ-grenoble-alpes.fr\/index.php?rest_route=\/wp\/v2\/users\/1"}],"replies":[{"embeddable":true,"href":"https:\/\/platipus.univ-grenoble-alpes.fr\/index.php?rest_route=%2Fwp%2Fv2%2Fcomments&post=945"}],"version-history":[{"count":9,"href":"https:\/\/platipus.univ-grenoble-alpes.fr\/index.php?rest_route=\/wp\/v2\/pages\/945\/revisions"}],"predecessor-version":[{"id":1749,"href":"https:\/\/platipus.univ-grenoble-alpes.fr\/index.php?rest_route=\/wp\/v2\/pages\/945\/revisions\/1749"}],"wp:attachment":[{"href":"https:\/\/platipus.univ-grenoble-alpes.fr\/index.php?rest_route=%2Fwp%2Fv2%2Fmedia&parent=945"}],"curies":[{"name":"wp","href":"https:\/\/api.w.org\/{rel}","templated":true}]}}